{"id":29877,"date":"2021-02-27T23:24:16","date_gmt":"2021-02-27T23:24:16","guid":{"rendered":"https:\/\/agrispring.com\/?page_id=29877"},"modified":"2021-02-27T23:24:16","modified_gmt":"2021-02-27T23:24:16","slug":"dent-pour-new-holland","status":"publish","type":"page","link":"https:\/\/agrispring.com\/fr\/dent-pour-new-holland\/","title":{"rendered":"Dent pour New Holland"},"content":{"rendered":"<h1>Dent pour New Holland d&rsquo;Agri Spring<\/h1>\n<p><img loading=\"lazy\" decoding=\"async\" class=\"alignright size-medium wp-image-29893\" src=\"https:\/\/agrispring.com\/wp-content\/uploads\/2021\/02\/611139-300x200.png\" alt=\"Dent pour New Holland\" width=\"300\" height=\"200\" srcset=\"https:\/\/agrispring.com\/wp-content\/uploads\/2021\/02\/611139-300x200.png 300w, https:\/\/agrispring.com\/wp-content\/uploads\/2021\/02\/611139-600x401.png 600w, https:\/\/agrispring.com\/wp-content\/uploads\/2021\/02\/611139-1024x684.png 1024w, https:\/\/agrispring.com\/wp-content\/uploads\/2021\/02\/611139-768x513.png 768w, https:\/\/agrispring.com\/wp-content\/uploads\/2021\/02\/611139-180x120.png 180w, https:\/\/agrispring.com\/wp-content\/uploads\/2021\/02\/611139.png 1200w\" sizes=\"auto, (max-width: 300px) 100vw, 300px\" \/>\u00cates-vous \u00e0 la recherche de nouvelle dent \u00e0 ressort pour votre v\u00e9hicule New Holland? Commandez-le \u00e0 des prix tr\u00e8s comp\u00e9titifs sur le site Agri Spring! Agri Spring est l&rsquo;un des principaux fabricants de ressorts techniques et agricoles sur le continent europ\u00e9en. Nous sommes un producteur qui est une combinaison fiable de fabricant, fournisseur et prestataire de services, et un acteur du march\u00e9 dans le domaine des ressorts agricoles et techniques. Nous sommes exp\u00e9riment\u00e9s dans la production des meilleurs ressorts techniques depuis plus de cinquante ans. Nous am\u00e9liorons et innovons continuellement notre processus de production. Notre processus de production est d\u00e9sormais enti\u00e8rement automatique, ce qui signifie que nous pouvons offrir \u00e0 nos clients un excellent rapport qualit\u00e9-prix. \u00cates-vous int\u00e9ress\u00e9 par les sources agricoles et techniques d&rsquo;Agri Spring? Alors jetez un \u0153il \u00e0 notre catalogue. Vous pouvez \u00e9galement lire la suite pour plus d&rsquo;informations.<\/p>\n<h2>Commandez les meilleurs dent agricoles pour votre v\u00e9hicule New Holland \u00e0 des prix tr\u00e8s comp\u00e9titifs chez Agri Spring<\/h2>\n<p>Nous fournissons nos ressorts techniques aux entreprises de m\u00e9canisation, aux fabricants de machines, aux grossistes et bien plus encore dans pas moins de 23 pays \u00e0 travers le monde. Nous \u00e9tablissons un accord de prix pour les petites et les grosses commandes. Les conditions sont encore plus favorables avec les clients r\u00e9guliers. Souhaitez-vous voir notre gamme de ressorts agricoles adapt\u00e9s aux v\u00e9hicules New Holland? Ensuite, vous pouvez simplement cliquer <a href=\"https:\/\/agrispring.com\/fr\/catalogue\/?s=new+holland\">ici<\/a>. Sur ce lien, vous verrez tous les ressorts techniques que vous pouvez utiliser pour votre v\u00e9hicule New Holland. Sur la page d&rsquo;une plume sp\u00e9cifique, vous pouvez trouver toutes les donn\u00e9es et caract\u00e9ristiques \u00e0 son sujet. Vous n&rsquo;arrivez pas \u00e0 trouver ce que vous cherchez? Nous proposons \u00e9galement des solutions sur mesure \u00e0 nos clients. Nous sommes plus qu&rsquo;heureux de commencer sur la base des sp\u00e9cifications que vous avez indiqu\u00e9es.<\/p>\n<p>Jetez \u00e9galement un \u0153il \u00e0 la page <a href=\"https:\/\/www.facebook.com\/DTVSprings\">Facebook<\/a> d&rsquo;Agri Spring!<\/p>\n","protected":false},"excerpt":{"rendered":"<p>Dent pour New Holland d&rsquo;Agri Spring \u00cates-vous \u00e0 la recherche de nouvelle dent \u00e0 ressort pour votre v\u00e9hicule New Holland? Commandez-le \u00e0 des prix [&hellip;]<\/p>\n","protected":false},"author":10,"featured_media":0,"parent":0,"menu_order":0,"comment_status":"closed","ping_status":"closed","template":"","meta":{"_acf_changed":false,"footnotes":""},"class_list":["post-29877","page","type-page","status-publish","hentry"],"acf":[],"yoast_head":"<!-- This site is optimized with the Yoast SEO plugin v26.9 - https:\/\/yoast.com\/product\/yoast-seo-wordpress\/ -->\n<title>Dent pour New Holland - sp\u00e9cialiste agricole AgriSpring<\/title>\n<meta name=\"description\" content=\"Souhaitez-vous commander un dent pour votre v\u00e9hicule New Holland? Vous pouvez les commander \u00e0 des prix comp\u00e9titifs chez Agri Spring.\" \/>\n<meta name=\"robots\" content=\"index, follow, max-snippet:-1, max-image-preview:large, max-video-preview:-1\" \/>\n<link rel=\"canonical\" href=\"https:\/\/agrispring.com\/fr\/dent-pour-new-holland\/\" \/>\n<meta property=\"og:locale\" content=\"fr_FR\" \/>\n<meta property=\"og:type\" content=\"article\" \/>\n<meta property=\"og:title\" content=\"Dent pour New Holland - sp\u00e9cialiste agricole AgriSpring\" \/>\n<meta property=\"og:description\" content=\"Souhaitez-vous commander un dent pour votre v\u00e9hicule New Holland? Vous pouvez les commander \u00e0 des prix comp\u00e9titifs chez Agri Spring.\" \/>\n<meta property=\"og:url\" content=\"https:\/\/agrispring.com\/fr\/dent-pour-new-holland\/\" \/>\n<meta property=\"og:site_name\" content=\"Agrispring\" \/>\n<meta property=\"og:image\" content=\"https:\/\/agrispring.com\/wp-content\/uploads\/2021\/02\/611139-300x200.png\" \/>\n<meta name=\"twitter:card\" content=\"summary_large_image\" \/>\n<meta name=\"twitter:label1\" content=\"Dur\u00e9e de lecture estim\u00e9e\" \/>\n\t<meta name=\"twitter:data1\" content=\"2 minutes\" \/>\n<script type=\"application\/ld+json\" class=\"yoast-schema-graph\">{\"@context\":\"https:\/\/schema.org\",\"@graph\":[{\"@type\":\"WebPage\",\"@id\":\"https:\/\/agrispring.com\/fr\/dent-pour-new-holland\/\",\"url\":\"https:\/\/agrispring.com\/fr\/dent-pour-new-holland\/\",\"name\":\"Dent pour New Holland - sp\u00e9cialiste agricole AgriSpring\",\"isPartOf\":{\"@id\":\"https:\/\/agrispring.com\/#website\"},\"primaryImageOfPage\":{\"@id\":\"https:\/\/agrispring.com\/fr\/dent-pour-new-holland\/#primaryimage\"},\"image\":{\"@id\":\"https:\/\/agrispring.com\/fr\/dent-pour-new-holland\/#primaryimage\"},\"thumbnailUrl\":\"https:\/\/agrispring.com\/wp-content\/uploads\/2021\/02\/611139-300x200.png\",\"datePublished\":\"2021-02-27T23:24:16+00:00\",\"description\":\"Souhaitez-vous commander un dent pour votre v\u00e9hicule New Holland? Vous pouvez les commander \u00e0 des prix comp\u00e9titifs chez Agri Spring.\",\"breadcrumb\":{\"@id\":\"https:\/\/agrispring.com\/fr\/dent-pour-new-holland\/#breadcrumb\"},\"inLanguage\":\"fr-FR\",\"potentialAction\":[{\"@type\":\"ReadAction\",\"target\":[\"https:\/\/agrispring.com\/fr\/dent-pour-new-holland\/\"]}]},{\"@type\":\"ImageObject\",\"inLanguage\":\"fr-FR\",\"@id\":\"https:\/\/agrispring.com\/fr\/dent-pour-new-holland\/#primaryimage\",\"url\":\"https:\/\/agrispring.com\/wp-content\/uploads\/2021\/02\/611139-300x200.png\",\"contentUrl\":\"https:\/\/agrispring.com\/wp-content\/uploads\/2021\/02\/611139-300x200.png\"},{\"@type\":\"BreadcrumbList\",\"@id\":\"https:\/\/agrispring.com\/fr\/dent-pour-new-holland\/#breadcrumb\",\"itemListElement\":[{\"@type\":\"ListItem\",\"position\":1,\"name\":\"Home\",\"item\":\"https:\/\/agrispring.com\/fr\/\"},{\"@type\":\"ListItem\",\"position\":2,\"name\":\"Dent pour New Holland\"}]},{\"@type\":\"WebSite\",\"@id\":\"https:\/\/agrispring.com\/#website\",\"url\":\"https:\/\/agrispring.com\/\",\"name\":\"Agrispring\",\"description\":\"En nog een WordPress site\",\"publisher\":{\"@id\":\"https:\/\/agrispring.com\/#organization\"},\"potentialAction\":[{\"@type\":\"SearchAction\",\"target\":{\"@type\":\"EntryPoint\",\"urlTemplate\":\"https:\/\/agrispring.com\/?s={search_term_string}\"},\"query-input\":{\"@type\":\"PropertyValueSpecification\",\"valueRequired\":true,\"valueName\":\"search_term_string\"}}],\"inLanguage\":\"fr-FR\"},{\"@type\":\"Organization\",\"@id\":\"https:\/\/agrispring.com\/#organization\",\"name\":\"Agrispring\",\"url\":\"https:\/\/agrispring.com\/\",\"logo\":{\"@type\":\"ImageObject\",\"inLanguage\":\"fr-FR\",\"@id\":\"https:\/\/agrispring.com\/#\/schema\/logo\/image\/\",\"url\":\"https:\/\/agrispring.com\/wp-content\/uploads\/2019\/10\/logo-agrispring.com-299x56px.jpg\",\"contentUrl\":\"https:\/\/agrispring.com\/wp-content\/uploads\/2019\/10\/logo-agrispring.com-299x56px.jpg\",\"width\":299,\"height\":56,\"caption\":\"Agrispring\"},\"image\":{\"@id\":\"https:\/\/agrispring.com\/#\/schema\/logo\/image\/\"}}]}<\/script>\n<!-- \/ Yoast SEO plugin. -->","yoast_head_json":{"title":"Dent pour New Holland - sp\u00e9cialiste agricole AgriSpring","description":"Souhaitez-vous commander un dent pour votre v\u00e9hicule New Holland? Vous pouvez les commander \u00e0 des prix comp\u00e9titifs chez Agri Spring.","robots":{"index":"index","follow":"follow","max-snippet":"max-snippet:-1","max-image-preview":"max-image-preview:large","max-video-preview":"max-video-preview:-1"},"canonical":"https:\/\/agrispring.com\/fr\/dent-pour-new-holland\/","og_locale":"fr_FR","og_type":"article","og_title":"Dent pour New Holland - sp\u00e9cialiste agricole AgriSpring","og_description":"Souhaitez-vous commander un dent pour votre v\u00e9hicule New Holland? Vous pouvez les commander \u00e0 des prix comp\u00e9titifs chez Agri Spring.","og_url":"https:\/\/agrispring.com\/fr\/dent-pour-new-holland\/","og_site_name":"Agrispring","og_image":[{"url":"https:\/\/agrispring.com\/wp-content\/uploads\/2021\/02\/611139-300x200.png","type":"","width":"","height":""}],"twitter_card":"summary_large_image","twitter_misc":{"Dur\u00e9e de lecture estim\u00e9e":"2 minutes"},"schema":{"@context":"https:\/\/schema.org","@graph":[{"@type":"WebPage","@id":"https:\/\/agrispring.com\/fr\/dent-pour-new-holland\/","url":"https:\/\/agrispring.com\/fr\/dent-pour-new-holland\/","name":"Dent pour New Holland - sp\u00e9cialiste agricole AgriSpring","isPartOf":{"@id":"https:\/\/agrispring.com\/#website"},"primaryImageOfPage":{"@id":"https:\/\/agrispring.com\/fr\/dent-pour-new-holland\/#primaryimage"},"image":{"@id":"https:\/\/agrispring.com\/fr\/dent-pour-new-holland\/#primaryimage"},"thumbnailUrl":"https:\/\/agrispring.com\/wp-content\/uploads\/2021\/02\/611139-300x200.png","datePublished":"2021-02-27T23:24:16+00:00","description":"Souhaitez-vous commander un dent pour votre v\u00e9hicule New Holland? Vous pouvez les commander \u00e0 des prix comp\u00e9titifs chez Agri Spring.","breadcrumb":{"@id":"https:\/\/agrispring.com\/fr\/dent-pour-new-holland\/#breadcrumb"},"inLanguage":"fr-FR","potentialAction":[{"@type":"ReadAction","target":["https:\/\/agrispring.com\/fr\/dent-pour-new-holland\/"]}]},{"@type":"ImageObject","inLanguage":"fr-FR","@id":"https:\/\/agrispring.com\/fr\/dent-pour-new-holland\/#primaryimage","url":"https:\/\/agrispring.com\/wp-content\/uploads\/2021\/02\/611139-300x200.png","contentUrl":"https:\/\/agrispring.com\/wp-content\/uploads\/2021\/02\/611139-300x200.png"},{"@type":"BreadcrumbList","@id":"https:\/\/agrispring.com\/fr\/dent-pour-new-holland\/#breadcrumb","itemListElement":[{"@type":"ListItem","position":1,"name":"Home","item":"https:\/\/agrispring.com\/fr\/"},{"@type":"ListItem","position":2,"name":"Dent pour New Holland"}]},{"@type":"WebSite","@id":"https:\/\/agrispring.com\/#website","url":"https:\/\/agrispring.com\/","name":"Agrispring","description":"En nog een WordPress site","publisher":{"@id":"https:\/\/agrispring.com\/#organization"},"potentialAction":[{"@type":"SearchAction","target":{"@type":"EntryPoint","urlTemplate":"https:\/\/agrispring.com\/?s={search_term_string}"},"query-input":{"@type":"PropertyValueSpecification","valueRequired":true,"valueName":"search_term_string"}}],"inLanguage":"fr-FR"},{"@type":"Organization","@id":"https:\/\/agrispring.com\/#organization","name":"Agrispring","url":"https:\/\/agrispring.com\/","logo":{"@type":"ImageObject","inLanguage":"fr-FR","@id":"https:\/\/agrispring.com\/#\/schema\/logo\/image\/","url":"https:\/\/agrispring.com\/wp-content\/uploads\/2019\/10\/logo-agrispring.com-299x56px.jpg","contentUrl":"https:\/\/agrispring.com\/wp-content\/uploads\/2019\/10\/logo-agrispring.com-299x56px.jpg","width":299,"height":56,"caption":"Agrispring"},"image":{"@id":"https:\/\/agrispring.com\/#\/schema\/logo\/image\/"}}]}},"_links":{"self":[{"href":"https:\/\/agrispring.com\/fr\/wp-json\/wp\/v2\/pages\/29877","targetHints":{"allow":["GET"]}}],"collection":[{"href":"https:\/\/agrispring.com\/fr\/wp-json\/wp\/v2\/pages"}],"about":[{"href":"https:\/\/agrispring.com\/fr\/wp-json\/wp\/v2\/types\/page"}],"author":[{"embeddable":true,"href":"https:\/\/agrispring.com\/fr\/wp-json\/wp\/v2\/users\/10"}],"replies":[{"embeddable":true,"href":"https:\/\/agrispring.com\/fr\/wp-json\/wp\/v2\/comments?post=29877"}],"version-history":[{"count":3,"href":"https:\/\/agrispring.com\/fr\/wp-json\/wp\/v2\/pages\/29877\/revisions"}],"predecessor-version":[{"id":29897,"href":"https:\/\/agrispring.com\/fr\/wp-json\/wp\/v2\/pages\/29877\/revisions\/29897"}],"wp:attachment":[{"href":"https:\/\/agrispring.com\/fr\/wp-json\/wp\/v2\/media?parent=29877"}],"curies":[{"name":"wp","href":"https:\/\/api.w.org\/{rel}","templated":true}]}}