{"id":30097,"date":"2021-09-10T14:46:12","date_gmt":"2021-09-10T14:46:12","guid":{"rendered":"https:\/\/agrispring.com\/?page_id=30097"},"modified":"2021-09-10T14:46:27","modified_gmt":"2021-09-10T14:46:27","slug":"haspelzinken","status":"publish","type":"page","link":"https:\/\/agrispring.com\/de\/haspelzinken\/","title":{"rendered":"Haspelzinken"},"content":{"rendered":"<h1>Haspelzinken von spezialist Agri Spring<\/h1>\n<p>Sie suchen Haspelzinken, die aus hochwertigem Stahl gefertigt werden? Dann werfen Sie einen Blick in den umfangreichen Katalog des Spezialisten Agri Spring. Agri Spring ist der Spezialist auf dem Gebiet der landwirtschaftlichen Federn, die f\u00fcr Landmaschinen geeignet sind. Seit 1965 sind wir ein Marktteilnehmer im Bereich technischer und landwirtschaftlicher Federn. DTV Springs verf\u00fcgt \u00fcber die neueste Software, mit der wir Federn berechnen und produzieren k\u00f6nnen. Bei uns sind Sie sowohl f\u00fcr umfangreiche Bestellungen als auch f\u00fcr eine Bestellung nur f\u00fcr eine Feder an der richtigen Adresse. Als Federhersteller nehmen wir in Europa eine einzigartige Stellung ein. Wir produzieren viele verschiedene Arten von landwirtschaftlichen Federn, darunter Kreiselheuer zinken, Pick-up Zinken, Schenkelfedern, Striegelzinken und viel mehr. Interessieren Sie sich f\u00fcr die haspel zinken von Agri Spring Produkten? Dann werfen Sie einen Blick in unseren Katalog auf unserer Website!<\/p>\n<h2>Bestellen Sie Haspelzinken <img loading=\"lazy\" decoding=\"async\" class=\"alignright size-medium wp-image-30098\" src=\"https:\/\/agrispring.com\/wp-content\/uploads\/2021\/09\/612376-300x200.jpg\" alt=\"haspelzinken\" width=\"300\" height=\"200\" srcset=\"https:\/\/agrispring.com\/wp-content\/uploads\/2021\/09\/612376-300x200.jpg 300w, https:\/\/agrispring.com\/wp-content\/uploads\/2021\/09\/612376-600x401.jpg 600w, https:\/\/agrispring.com\/wp-content\/uploads\/2021\/09\/612376-1024x684.jpg 1024w, https:\/\/agrispring.com\/wp-content\/uploads\/2021\/09\/612376-768x513.jpg 768w, https:\/\/agrispring.com\/wp-content\/uploads\/2021\/09\/612376-180x120.jpg 180w, https:\/\/agrispring.com\/wp-content\/uploads\/2021\/09\/612376.jpg 1200w\" sizes=\"auto, (max-width: 300px) 100vw, 300px\" \/>von h\u00f6chster Qualit\u00e4t und zu einem sehr wettbewerbsf\u00e4higen Preis bei Agri Spring<\/h2>\n<p>Da wir seit 1958 unsere Produktionsprozesse verbessern und erneuern, k\u00f6nnen wir Ihnen ein ausgezeichnetes Preis-Leistungs-Verh\u00e4ltnis bieten. Heute sind wir ein vollautomatisiertes Unternehmen, das unter anderem Gro\u00dfh\u00e4ndler und Mechanisierungsunternehmen beliefert. Wir tun dies in 23 L\u00e4ndern weltweit. In unserem Katalog finden Sie unser komplettes Sortiment an landwirtschaftlichen Federn. Sie finden unsere Reel Zincs, indem Sie <a href=\"https:\/\/agrispring.com\/de\/produkt-kategorie\/pick-up-zinken-haspelzinken\/\">hier<\/a> <a href=\"https:\/\/agrispring.com\/de\/produkt-kategorie\/pick-up-zinken-haspelzinken\/\">klicken<\/a>. Auf der Seite eines Produkts k\u00f6nnen Sie seine Abmessungen sehen und mit welcher Landmaschine es kompatibel ist. Sie k\u00f6nnen Ihre gew\u00fcnschte Feder nicht finden? Wir bieten auch Anpassungen f\u00fcr unsere Kunden an. Das hei\u00dft, Sie k\u00f6nnen die Spezifikationen spezifizieren und wir produzieren eine Feder nach Ihren Spezifikationen. Wenn Sie eine Feder bestellen, k\u00f6nnen Sie mit einer schnellen Lieferzeit rechnen. Die meisten Federn werden aus unserem eigenen Lager geliefert. Wenn es sich um eine dringende Sendung handelt, wird diese noch am selben Tag versendet. Sie haben Fragen zu unseren Produkten oder etwas anderes? Bitte kontaktieren Sie uns \u00fcber die Kontaktseite. Schauen Sie auch auf unserer <a href=\"https:\/\/www.facebook.com\/DTVSprings\/\">Facebook<\/a>-Seite vorbei.<\/p>\n","protected":false},"excerpt":{"rendered":"<p>Haspelzinken von spezialist Agri Spring Sie suchen Haspelzinken, die aus hochwertigem Stahl gefertigt werden? Dann werfen Sie einen Blick in den umfangreichen Katalog des [&hellip;]<\/p>\n","protected":false},"author":10,"featured_media":0,"parent":0,"menu_order":0,"comment_status":"closed","ping_status":"closed","template":"","meta":{"_acf_changed":false,"footnotes":""},"class_list":["post-30097","page","type-page","status-publish","hentry"],"acf":[],"yoast_head":"<!-- This site is optimized with the Yoast SEO plugin v26.9 - https:\/\/yoast.com\/product\/yoast-seo-wordpress\/ -->\n<title>Haspelzinken von h\u00f6chster Qualit\u00e4t von AgriSpring<\/title>\n<meta name=\"description\" content=\"Sind Sie auf der Suche nach dem hochwertigsten Haspelzinken? Bei Agri Spring finden Sie Agrarfedern aus hochwertigem Stahl.\" \/>\n<meta name=\"robots\" content=\"index, follow, max-snippet:-1, max-image-preview:large, max-video-preview:-1\" \/>\n<link rel=\"canonical\" href=\"https:\/\/agrispring.com\/de\/haspelzinken\/\" \/>\n<meta property=\"og:locale\" content=\"de_DE\" \/>\n<meta property=\"og:type\" content=\"article\" \/>\n<meta property=\"og:title\" content=\"Haspelzinken von h\u00f6chster Qualit\u00e4t von AgriSpring\" \/>\n<meta property=\"og:description\" content=\"Sind Sie auf der Suche nach dem hochwertigsten Haspelzinken? Bei Agri Spring finden Sie Agrarfedern aus hochwertigem Stahl.\" \/>\n<meta property=\"og:url\" content=\"https:\/\/agrispring.com\/de\/haspelzinken\/\" \/>\n<meta property=\"og:site_name\" content=\"Agrispring\" \/>\n<meta property=\"article:modified_time\" content=\"2021-09-10T14:46:27+00:00\" \/>\n<meta property=\"og:image\" content=\"https:\/\/agrispring.com\/wp-content\/uploads\/2021\/09\/612376-300x200.jpg\" \/>\n<meta name=\"twitter:card\" content=\"summary_large_image\" \/>\n<meta name=\"twitter:label1\" content=\"Gesch\u00e4tzte Lesezeit\" \/>\n\t<meta name=\"twitter:data1\" content=\"2\u00a0Minuten\" \/>\n<script type=\"application\/ld+json\" class=\"yoast-schema-graph\">{\"@context\":\"https:\/\/schema.org\",\"@graph\":[{\"@type\":\"WebPage\",\"@id\":\"https:\/\/agrispring.com\/de\/haspelzinken\/\",\"url\":\"https:\/\/agrispring.com\/de\/haspelzinken\/\",\"name\":\"Haspelzinken von h\u00f6chster Qualit\u00e4t von AgriSpring\",\"isPartOf\":{\"@id\":\"https:\/\/agrispring.com\/#website\"},\"primaryImageOfPage\":{\"@id\":\"https:\/\/agrispring.com\/de\/haspelzinken\/#primaryimage\"},\"image\":{\"@id\":\"https:\/\/agrispring.com\/de\/haspelzinken\/#primaryimage\"},\"thumbnailUrl\":\"https:\/\/agrispring.com\/wp-content\/uploads\/2021\/09\/612376-300x200.jpg\",\"datePublished\":\"2021-09-10T14:46:12+00:00\",\"dateModified\":\"2021-09-10T14:46:27+00:00\",\"description\":\"Sind Sie auf der Suche nach dem hochwertigsten Haspelzinken? Bei Agri Spring finden Sie Agrarfedern aus hochwertigem Stahl.\",\"breadcrumb\":{\"@id\":\"https:\/\/agrispring.com\/de\/haspelzinken\/#breadcrumb\"},\"inLanguage\":\"de\",\"potentialAction\":[{\"@type\":\"ReadAction\",\"target\":[\"https:\/\/agrispring.com\/de\/haspelzinken\/\"]}]},{\"@type\":\"ImageObject\",\"inLanguage\":\"de\",\"@id\":\"https:\/\/agrispring.com\/de\/haspelzinken\/#primaryimage\",\"url\":\"https:\/\/agrispring.com\/wp-content\/uploads\/2021\/09\/612376-300x200.jpg\",\"contentUrl\":\"https:\/\/agrispring.com\/wp-content\/uploads\/2021\/09\/612376-300x200.jpg\"},{\"@type\":\"BreadcrumbList\",\"@id\":\"https:\/\/agrispring.com\/de\/haspelzinken\/#breadcrumb\",\"itemListElement\":[{\"@type\":\"ListItem\",\"position\":1,\"name\":\"Home\",\"item\":\"https:\/\/agrispring.com\/de\/\"},{\"@type\":\"ListItem\",\"position\":2,\"name\":\"Haspelzinken\"}]},{\"@type\":\"WebSite\",\"@id\":\"https:\/\/agrispring.com\/#website\",\"url\":\"https:\/\/agrispring.com\/\",\"name\":\"Agrispring\",\"description\":\"En nog een WordPress site\",\"publisher\":{\"@id\":\"https:\/\/agrispring.com\/#organization\"},\"potentialAction\":[{\"@type\":\"SearchAction\",\"target\":{\"@type\":\"EntryPoint\",\"urlTemplate\":\"https:\/\/agrispring.com\/?s={search_term_string}\"},\"query-input\":{\"@type\":\"PropertyValueSpecification\",\"valueRequired\":true,\"valueName\":\"search_term_string\"}}],\"inLanguage\":\"de\"},{\"@type\":\"Organization\",\"@id\":\"https:\/\/agrispring.com\/#organization\",\"name\":\"Agrispring\",\"url\":\"https:\/\/agrispring.com\/\",\"logo\":{\"@type\":\"ImageObject\",\"inLanguage\":\"de\",\"@id\":\"https:\/\/agrispring.com\/#\/schema\/logo\/image\/\",\"url\":\"https:\/\/agrispring.com\/wp-content\/uploads\/2019\/10\/logo-agrispring.com-299x56px.jpg\",\"contentUrl\":\"https:\/\/agrispring.com\/wp-content\/uploads\/2019\/10\/logo-agrispring.com-299x56px.jpg\",\"width\":299,\"height\":56,\"caption\":\"Agrispring\"},\"image\":{\"@id\":\"https:\/\/agrispring.com\/#\/schema\/logo\/image\/\"}}]}<\/script>\n<!-- \/ Yoast SEO plugin. -->","yoast_head_json":{"title":"Haspelzinken von h\u00f6chster Qualit\u00e4t von AgriSpring","description":"Sind Sie auf der Suche nach dem hochwertigsten Haspelzinken? Bei Agri Spring finden Sie Agrarfedern aus hochwertigem Stahl.","robots":{"index":"index","follow":"follow","max-snippet":"max-snippet:-1","max-image-preview":"max-image-preview:large","max-video-preview":"max-video-preview:-1"},"canonical":"https:\/\/agrispring.com\/de\/haspelzinken\/","og_locale":"de_DE","og_type":"article","og_title":"Haspelzinken von h\u00f6chster Qualit\u00e4t von AgriSpring","og_description":"Sind Sie auf der Suche nach dem hochwertigsten Haspelzinken? Bei Agri Spring finden Sie Agrarfedern aus hochwertigem Stahl.","og_url":"https:\/\/agrispring.com\/de\/haspelzinken\/","og_site_name":"Agrispring","article_modified_time":"2021-09-10T14:46:27+00:00","og_image":[{"url":"https:\/\/agrispring.com\/wp-content\/uploads\/2021\/09\/612376-300x200.jpg","type":"","width":"","height":""}],"twitter_card":"summary_large_image","twitter_misc":{"Gesch\u00e4tzte Lesezeit":"2\u00a0Minuten"},"schema":{"@context":"https:\/\/schema.org","@graph":[{"@type":"WebPage","@id":"https:\/\/agrispring.com\/de\/haspelzinken\/","url":"https:\/\/agrispring.com\/de\/haspelzinken\/","name":"Haspelzinken von h\u00f6chster Qualit\u00e4t von AgriSpring","isPartOf":{"@id":"https:\/\/agrispring.com\/#website"},"primaryImageOfPage":{"@id":"https:\/\/agrispring.com\/de\/haspelzinken\/#primaryimage"},"image":{"@id":"https:\/\/agrispring.com\/de\/haspelzinken\/#primaryimage"},"thumbnailUrl":"https:\/\/agrispring.com\/wp-content\/uploads\/2021\/09\/612376-300x200.jpg","datePublished":"2021-09-10T14:46:12+00:00","dateModified":"2021-09-10T14:46:27+00:00","description":"Sind Sie auf der Suche nach dem hochwertigsten Haspelzinken? Bei Agri Spring finden Sie Agrarfedern aus hochwertigem Stahl.","breadcrumb":{"@id":"https:\/\/agrispring.com\/de\/haspelzinken\/#breadcrumb"},"inLanguage":"de","potentialAction":[{"@type":"ReadAction","target":["https:\/\/agrispring.com\/de\/haspelzinken\/"]}]},{"@type":"ImageObject","inLanguage":"de","@id":"https:\/\/agrispring.com\/de\/haspelzinken\/#primaryimage","url":"https:\/\/agrispring.com\/wp-content\/uploads\/2021\/09\/612376-300x200.jpg","contentUrl":"https:\/\/agrispring.com\/wp-content\/uploads\/2021\/09\/612376-300x200.jpg"},{"@type":"BreadcrumbList","@id":"https:\/\/agrispring.com\/de\/haspelzinken\/#breadcrumb","itemListElement":[{"@type":"ListItem","position":1,"name":"Home","item":"https:\/\/agrispring.com\/de\/"},{"@type":"ListItem","position":2,"name":"Haspelzinken"}]},{"@type":"WebSite","@id":"https:\/\/agrispring.com\/#website","url":"https:\/\/agrispring.com\/","name":"Agrispring","description":"En nog een WordPress site","publisher":{"@id":"https:\/\/agrispring.com\/#organization"},"potentialAction":[{"@type":"SearchAction","target":{"@type":"EntryPoint","urlTemplate":"https:\/\/agrispring.com\/?s={search_term_string}"},"query-input":{"@type":"PropertyValueSpecification","valueRequired":true,"valueName":"search_term_string"}}],"inLanguage":"de"},{"@type":"Organization","@id":"https:\/\/agrispring.com\/#organization","name":"Agrispring","url":"https:\/\/agrispring.com\/","logo":{"@type":"ImageObject","inLanguage":"de","@id":"https:\/\/agrispring.com\/#\/schema\/logo\/image\/","url":"https:\/\/agrispring.com\/wp-content\/uploads\/2019\/10\/logo-agrispring.com-299x56px.jpg","contentUrl":"https:\/\/agrispring.com\/wp-content\/uploads\/2019\/10\/logo-agrispring.com-299x56px.jpg","width":299,"height":56,"caption":"Agrispring"},"image":{"@id":"https:\/\/agrispring.com\/#\/schema\/logo\/image\/"}}]}},"_links":{"self":[{"href":"https:\/\/agrispring.com\/de\/wp-json\/wp\/v2\/pages\/30097","targetHints":{"allow":["GET"]}}],"collection":[{"href":"https:\/\/agrispring.com\/de\/wp-json\/wp\/v2\/pages"}],"about":[{"href":"https:\/\/agrispring.com\/de\/wp-json\/wp\/v2\/types\/page"}],"author":[{"embeddable":true,"href":"https:\/\/agrispring.com\/de\/wp-json\/wp\/v2\/users\/10"}],"replies":[{"embeddable":true,"href":"https:\/\/agrispring.com\/de\/wp-json\/wp\/v2\/comments?post=30097"}],"version-history":[{"count":1,"href":"https:\/\/agrispring.com\/de\/wp-json\/wp\/v2\/pages\/30097\/revisions"}],"predecessor-version":[{"id":30102,"href":"https:\/\/agrispring.com\/de\/wp-json\/wp\/v2\/pages\/30097\/revisions\/30102"}],"wp:attachment":[{"href":"https:\/\/agrispring.com\/de\/wp-json\/wp\/v2\/media?parent=30097"}],"curies":[{"name":"wp","href":"https:\/\/api.w.org\/{rel}","templated":true}]}}