{"id":29998,"date":"2021-06-19T20:17:07","date_gmt":"2021-06-19T20:17:07","guid":{"rendered":"https:\/\/agrispring.com\/?page_id=29998"},"modified":"2021-06-19T20:18:49","modified_gmt":"2021-06-19T20:18:49","slug":"federzinken-gaensefuss","status":"publish","type":"page","link":"https:\/\/agrispring.com\/de\/federzinken-gaensefuss\/","title":{"rendered":"Federzinken G\u00e4nsefu\u00df"},"content":{"rendered":"<h1>Federzinken G\u00e4nsefu\u00df von Agrispring<\/h1>\n<p><img loading=\"lazy\" decoding=\"async\" class=\"alignright size-medium wp-image-30011\" src=\"https:\/\/agrispring.com\/wp-content\/uploads\/2021\/06\/610001-1-300x200.jpg\" alt=\"Federzinken G\u00e4nsefu\u00df\" width=\"300\" height=\"200\" srcset=\"https:\/\/agrispring.com\/wp-content\/uploads\/2021\/06\/610001-1-300x200.jpg 300w, https:\/\/agrispring.com\/wp-content\/uploads\/2021\/06\/610001-1-600x401.jpg 600w, https:\/\/agrispring.com\/wp-content\/uploads\/2021\/06\/610001-1-1024x684.jpg 1024w, https:\/\/agrispring.com\/wp-content\/uploads\/2021\/06\/610001-1-768x513.jpg 768w, https:\/\/agrispring.com\/wp-content\/uploads\/2021\/06\/610001-1-180x120.jpg 180w, https:\/\/agrispring.com\/wp-content\/uploads\/2021\/06\/610001-1.jpg 1200w\" sizes=\"auto, (max-width: 300px) 100vw, 300px\" \/>Sie suchen einen erfahrenen Spezialisten, der die besten Federzinken herstellt? Dann sind Sie auf der Website des Spezialisten Agrispring genau richtig. Agrispring ist seit mehr als f\u00fcnfzig Jahren die erste Adresse f\u00fcr alle Lieferungen rund um Federzinken f\u00fcr die Landwirtschaft. Auf unserer Website finden Sie eine enorm gro\u00dfe Auswahl an verschiedenen Federzinken. Unsere einzigartige Wettbewerbsposition in Europa macht uns zu einer bekannten Adresse mit Kunden aus vielen verschiedenen L\u00e4ndern. Bei uns k\u00f6nnen Sie auch auf ein hervorragendes Preis\u00a0 Leistungs Verh\u00e4ltnis z\u00e4hlen. Im Laufe der Jahre haben wir kontinuierlich in die Verbesserung und Innovation unserer Produktionsprozesse investiert. So stellen wir sicher, dass Sie die besten Produkte zu sehr wettbewerbsf\u00e4higen Preisen erhalten. Auch bei schnellen Lieferzeiten k\u00f6nnen Sie auf uns z\u00e4hlen. Bei Bedarf k\u00f6nnen Sie mit uns einen dringenden Termin vereinbaren. M\u00f6chten Sie mehr \u00fcber die hochwertigsten Federzinken G\u00e4nsefu\u00df von Agrispring erfahren? Dann lesen Sie mehr auf <a href=\"https:\/\/agrispring.com\/de\/\">dieser Seite.<\/a><\/p>\n<h2>Bestellen Sie die besten Federzinken G\u00e4nsefu\u00df zu sehr wettbewerbsf\u00e4higen Preisen auf der Agrispring Website<\/h2>\n<p>Federzinken f\u00fcr Ihre landwirtschaftlichen Zwecke k\u00f6nnen Sie ganz einfach auf der Agrispring-Website bestellen. Wir haben Kreiselheuerzinken, Striegelzinken, Schenkelfedern und viele weitere Federzinken auf Lager. Sie k\u00f6nnen alles in unserem Katalog einsehen. Unseren Katalog finden Sie, wenn Sie <a href=\"https:\/\/agrispring.com\/de\/katalog\/\">hier<\/a> klicken. Auf der linken Seite der Katalogseite k\u00f6nnen Sie ganz einfach zwischen den von uns angebotenen Federzinkentypen filtern. Auf der Seite eines Federzinkens k\u00f6nnen Sie alle technischen Spezifikationen des Produkts sehen. So k\u00f6nnen Sie leicht erkennen, ob der Federzinken f\u00fcr Ihren Einsatzzweck geeignet ist. Sie k\u00f6nnen nicht finden, wonach Sie suchen? Wir k\u00f6nnen auch Anpassungen basierend auf den von Ihnen bereitgestellten Informationen vornehmen. Dann erhalten Sie schnell Ihren ben\u00f6tigten hochwertigen Federzinken. Suchen Sie auch Federzinken f\u00fcr andere Zwecke? Dann k\u00f6nnen Sie unsere andere Website <a href=\"https:\/\/dtvsprings.de\/\">DTVSprings<\/a> konsultieren. Bei Fragen oder Anliegen k\u00f6nnen Sie sich jederzeit an uns wenden. Unsere Kontaktdaten finden Sie auf der Kontaktseite.<\/p>\n","protected":false},"excerpt":{"rendered":"<p>Federzinken G\u00e4nsefu\u00df von Agrispring Sie suchen einen erfahrenen Spezialisten, der die besten Federzinken herstellt? Dann sind Sie auf der Website des Spezialisten Agrispring genau [&hellip;]<\/p>\n","protected":false},"author":10,"featured_media":0,"parent":0,"menu_order":0,"comment_status":"closed","ping_status":"closed","template":"","meta":{"_acf_changed":false,"footnotes":""},"class_list":["post-29998","page","type-page","status-publish","hentry"],"acf":[],"yoast_head":"<!-- This site is optimized with the Yoast SEO plugin v26.9 - https:\/\/yoast.com\/product\/yoast-seo-wordpress\/ -->\n<title>Federzinken G\u00e4nsefu\u00df k\u00f6nnen Sie bestellen bei Agrispring<\/title>\n<meta name=\"description\" content=\"Sie suchen Federzinken G\u00e4nsefu\u00df h\u00f6chster Qualit\u00e4t zum aktuellen Preis? Federzinken g\u00fcnstig bei spezialist Agrispring bestellen.\" \/>\n<meta name=\"robots\" content=\"index, follow, max-snippet:-1, max-image-preview:large, max-video-preview:-1\" \/>\n<link rel=\"canonical\" href=\"https:\/\/agrispring.com\/de\/federzinken-gaensefuss\/\" \/>\n<meta property=\"og:locale\" content=\"de_DE\" \/>\n<meta property=\"og:type\" content=\"article\" \/>\n<meta property=\"og:title\" content=\"Federzinken G\u00e4nsefu\u00df k\u00f6nnen Sie bestellen bei Agrispring\" \/>\n<meta property=\"og:description\" content=\"Sie suchen Federzinken G\u00e4nsefu\u00df h\u00f6chster Qualit\u00e4t zum aktuellen Preis? Federzinken g\u00fcnstig bei spezialist Agrispring bestellen.\" \/>\n<meta property=\"og:url\" content=\"https:\/\/agrispring.com\/de\/federzinken-gaensefuss\/\" \/>\n<meta property=\"og:site_name\" content=\"Agrispring\" \/>\n<meta property=\"article:modified_time\" content=\"2021-06-19T20:18:49+00:00\" \/>\n<meta property=\"og:image\" content=\"https:\/\/agrispring.com\/wp-content\/uploads\/2021\/06\/610001-1-300x200.jpg\" \/>\n<meta name=\"twitter:card\" content=\"summary_large_image\" \/>\n<meta name=\"twitter:label1\" content=\"Gesch\u00e4tzte Lesezeit\" \/>\n\t<meta name=\"twitter:data1\" content=\"2\u00a0Minuten\" \/>\n<script type=\"application\/ld+json\" class=\"yoast-schema-graph\">{\"@context\":\"https:\/\/schema.org\",\"@graph\":[{\"@type\":\"WebPage\",\"@id\":\"https:\/\/agrispring.com\/de\/federzinken-gaensefuss\/\",\"url\":\"https:\/\/agrispring.com\/de\/federzinken-gaensefuss\/\",\"name\":\"Federzinken G\u00e4nsefu\u00df k\u00f6nnen Sie bestellen bei Agrispring\",\"isPartOf\":{\"@id\":\"https:\/\/agrispring.com\/#website\"},\"primaryImageOfPage\":{\"@id\":\"https:\/\/agrispring.com\/de\/federzinken-gaensefuss\/#primaryimage\"},\"image\":{\"@id\":\"https:\/\/agrispring.com\/de\/federzinken-gaensefuss\/#primaryimage\"},\"thumbnailUrl\":\"https:\/\/agrispring.com\/wp-content\/uploads\/2021\/06\/610001-1-300x200.jpg\",\"datePublished\":\"2021-06-19T20:17:07+00:00\",\"dateModified\":\"2021-06-19T20:18:49+00:00\",\"description\":\"Sie suchen Federzinken G\u00e4nsefu\u00df h\u00f6chster Qualit\u00e4t zum aktuellen Preis? Federzinken g\u00fcnstig bei spezialist Agrispring bestellen.\",\"breadcrumb\":{\"@id\":\"https:\/\/agrispring.com\/de\/federzinken-gaensefuss\/#breadcrumb\"},\"inLanguage\":\"de\",\"potentialAction\":[{\"@type\":\"ReadAction\",\"target\":[\"https:\/\/agrispring.com\/de\/federzinken-gaensefuss\/\"]}]},{\"@type\":\"ImageObject\",\"inLanguage\":\"de\",\"@id\":\"https:\/\/agrispring.com\/de\/federzinken-gaensefuss\/#primaryimage\",\"url\":\"https:\/\/agrispring.com\/wp-content\/uploads\/2021\/06\/610001-1-300x200.jpg\",\"contentUrl\":\"https:\/\/agrispring.com\/wp-content\/uploads\/2021\/06\/610001-1-300x200.jpg\"},{\"@type\":\"BreadcrumbList\",\"@id\":\"https:\/\/agrispring.com\/de\/federzinken-gaensefuss\/#breadcrumb\",\"itemListElement\":[{\"@type\":\"ListItem\",\"position\":1,\"name\":\"Home\",\"item\":\"https:\/\/agrispring.com\/de\/\"},{\"@type\":\"ListItem\",\"position\":2,\"name\":\"Federzinken G\u00e4nsefu\u00df\"}]},{\"@type\":\"WebSite\",\"@id\":\"https:\/\/agrispring.com\/#website\",\"url\":\"https:\/\/agrispring.com\/\",\"name\":\"Agrispring\",\"description\":\"En nog een WordPress site\",\"publisher\":{\"@id\":\"https:\/\/agrispring.com\/#organization\"},\"potentialAction\":[{\"@type\":\"SearchAction\",\"target\":{\"@type\":\"EntryPoint\",\"urlTemplate\":\"https:\/\/agrispring.com\/?s={search_term_string}\"},\"query-input\":{\"@type\":\"PropertyValueSpecification\",\"valueRequired\":true,\"valueName\":\"search_term_string\"}}],\"inLanguage\":\"de\"},{\"@type\":\"Organization\",\"@id\":\"https:\/\/agrispring.com\/#organization\",\"name\":\"Agrispring\",\"url\":\"https:\/\/agrispring.com\/\",\"logo\":{\"@type\":\"ImageObject\",\"inLanguage\":\"de\",\"@id\":\"https:\/\/agrispring.com\/#\/schema\/logo\/image\/\",\"url\":\"https:\/\/agrispring.com\/wp-content\/uploads\/2019\/10\/logo-agrispring.com-299x56px.jpg\",\"contentUrl\":\"https:\/\/agrispring.com\/wp-content\/uploads\/2019\/10\/logo-agrispring.com-299x56px.jpg\",\"width\":299,\"height\":56,\"caption\":\"Agrispring\"},\"image\":{\"@id\":\"https:\/\/agrispring.com\/#\/schema\/logo\/image\/\"}}]}<\/script>\n<!-- \/ Yoast SEO plugin. -->","yoast_head_json":{"title":"Federzinken G\u00e4nsefu\u00df k\u00f6nnen Sie bestellen bei Agrispring","description":"Sie suchen Federzinken G\u00e4nsefu\u00df h\u00f6chster Qualit\u00e4t zum aktuellen Preis? Federzinken g\u00fcnstig bei spezialist Agrispring bestellen.","robots":{"index":"index","follow":"follow","max-snippet":"max-snippet:-1","max-image-preview":"max-image-preview:large","max-video-preview":"max-video-preview:-1"},"canonical":"https:\/\/agrispring.com\/de\/federzinken-gaensefuss\/","og_locale":"de_DE","og_type":"article","og_title":"Federzinken G\u00e4nsefu\u00df k\u00f6nnen Sie bestellen bei Agrispring","og_description":"Sie suchen Federzinken G\u00e4nsefu\u00df h\u00f6chster Qualit\u00e4t zum aktuellen Preis? Federzinken g\u00fcnstig bei spezialist Agrispring bestellen.","og_url":"https:\/\/agrispring.com\/de\/federzinken-gaensefuss\/","og_site_name":"Agrispring","article_modified_time":"2021-06-19T20:18:49+00:00","og_image":[{"url":"https:\/\/agrispring.com\/wp-content\/uploads\/2021\/06\/610001-1-300x200.jpg","type":"","width":"","height":""}],"twitter_card":"summary_large_image","twitter_misc":{"Gesch\u00e4tzte Lesezeit":"2\u00a0Minuten"},"schema":{"@context":"https:\/\/schema.org","@graph":[{"@type":"WebPage","@id":"https:\/\/agrispring.com\/de\/federzinken-gaensefuss\/","url":"https:\/\/agrispring.com\/de\/federzinken-gaensefuss\/","name":"Federzinken G\u00e4nsefu\u00df k\u00f6nnen Sie bestellen bei Agrispring","isPartOf":{"@id":"https:\/\/agrispring.com\/#website"},"primaryImageOfPage":{"@id":"https:\/\/agrispring.com\/de\/federzinken-gaensefuss\/#primaryimage"},"image":{"@id":"https:\/\/agrispring.com\/de\/federzinken-gaensefuss\/#primaryimage"},"thumbnailUrl":"https:\/\/agrispring.com\/wp-content\/uploads\/2021\/06\/610001-1-300x200.jpg","datePublished":"2021-06-19T20:17:07+00:00","dateModified":"2021-06-19T20:18:49+00:00","description":"Sie suchen Federzinken G\u00e4nsefu\u00df h\u00f6chster Qualit\u00e4t zum aktuellen Preis? Federzinken g\u00fcnstig bei spezialist Agrispring bestellen.","breadcrumb":{"@id":"https:\/\/agrispring.com\/de\/federzinken-gaensefuss\/#breadcrumb"},"inLanguage":"de","potentialAction":[{"@type":"ReadAction","target":["https:\/\/agrispring.com\/de\/federzinken-gaensefuss\/"]}]},{"@type":"ImageObject","inLanguage":"de","@id":"https:\/\/agrispring.com\/de\/federzinken-gaensefuss\/#primaryimage","url":"https:\/\/agrispring.com\/wp-content\/uploads\/2021\/06\/610001-1-300x200.jpg","contentUrl":"https:\/\/agrispring.com\/wp-content\/uploads\/2021\/06\/610001-1-300x200.jpg"},{"@type":"BreadcrumbList","@id":"https:\/\/agrispring.com\/de\/federzinken-gaensefuss\/#breadcrumb","itemListElement":[{"@type":"ListItem","position":1,"name":"Home","item":"https:\/\/agrispring.com\/de\/"},{"@type":"ListItem","position":2,"name":"Federzinken G\u00e4nsefu\u00df"}]},{"@type":"WebSite","@id":"https:\/\/agrispring.com\/#website","url":"https:\/\/agrispring.com\/","name":"Agrispring","description":"En nog een WordPress site","publisher":{"@id":"https:\/\/agrispring.com\/#organization"},"potentialAction":[{"@type":"SearchAction","target":{"@type":"EntryPoint","urlTemplate":"https:\/\/agrispring.com\/?s={search_term_string}"},"query-input":{"@type":"PropertyValueSpecification","valueRequired":true,"valueName":"search_term_string"}}],"inLanguage":"de"},{"@type":"Organization","@id":"https:\/\/agrispring.com\/#organization","name":"Agrispring","url":"https:\/\/agrispring.com\/","logo":{"@type":"ImageObject","inLanguage":"de","@id":"https:\/\/agrispring.com\/#\/schema\/logo\/image\/","url":"https:\/\/agrispring.com\/wp-content\/uploads\/2019\/10\/logo-agrispring.com-299x56px.jpg","contentUrl":"https:\/\/agrispring.com\/wp-content\/uploads\/2019\/10\/logo-agrispring.com-299x56px.jpg","width":299,"height":56,"caption":"Agrispring"},"image":{"@id":"https:\/\/agrispring.com\/#\/schema\/logo\/image\/"}}]}},"_links":{"self":[{"href":"https:\/\/agrispring.com\/de\/wp-json\/wp\/v2\/pages\/29998","targetHints":{"allow":["GET"]}}],"collection":[{"href":"https:\/\/agrispring.com\/de\/wp-json\/wp\/v2\/pages"}],"about":[{"href":"https:\/\/agrispring.com\/de\/wp-json\/wp\/v2\/types\/page"}],"author":[{"embeddable":true,"href":"https:\/\/agrispring.com\/de\/wp-json\/wp\/v2\/users\/10"}],"replies":[{"embeddable":true,"href":"https:\/\/agrispring.com\/de\/wp-json\/wp\/v2\/comments?post=29998"}],"version-history":[{"count":1,"href":"https:\/\/agrispring.com\/de\/wp-json\/wp\/v2\/pages\/29998\/revisions"}],"predecessor-version":[{"id":30015,"href":"https:\/\/agrispring.com\/de\/wp-json\/wp\/v2\/pages\/29998\/revisions\/30015"}],"wp:attachment":[{"href":"https:\/\/agrispring.com\/de\/wp-json\/wp\/v2\/media?parent=29998"}],"curies":[{"name":"wp","href":"https:\/\/api.w.org\/{rel}","templated":true}]}}