{"id":299,"date":"2019-11-06T08:50:26","date_gmt":"2019-11-06T08:50:26","guid":{"rendered":"http:\/\/agrispring.nsproject.nl\/?page_id=299"},"modified":"2020-08-27T06:51:11","modified_gmt":"2020-08-27T06:51:11","slug":"datenschutzerklaerung","status":"publish","type":"page","link":"https:\/\/agrispring.com\/de\/datenschutzerklaerung\/","title":{"rendered":"Datenschutzerkl\u00e4rung"},"content":{"rendered":"<p>Datenschutzerkl\u00e4rung Agrispring<\/p>\n<p>Diese Datenschutzerkl\u00e4rung wurde zuletzt am 18. Mai 2018 ge\u00e4ndert.<\/p>\n<p>Wir verarbeiten personenbezogene Daten nur f\u00fcr den Zweck, f\u00fcr den sie zur Verf\u00fcgung gestellt wurden, und in \u00dcbereinstimmung mit der Allgemeinen Datenschutzverordnung und anderen Datenschutzgesetzen.<\/p>\n<p>Unsere Website www.agrispring.com wird von Agrispring verwaltet. \u00dcber diese Website verarbeiten wir datenschutzrelevante Daten, d.h. personenbezogene Daten. Diese werden von uns sorgf\u00e4ltig verarbeitet und gesichert. Bei der Verarbeitung ber\u00fccksichtigen wir die Anforderungen der Datenschutzgesetzgebung.<\/p>\n<p>Kontaktdaten<\/p>\n<p>Industrieweg 1 8521 MB, Sint Nicolaasga<br \/>\nTelefon: +31 514 568 100<br \/>\nE-Mail: info@dtvsprings.nl<\/p>\n<p>Agrispring ist f\u00fcr die Datenverarbeitung verantwortlich. In dieser Datenschutzerkl\u00e4rung erl\u00e4utern wir, was wir \u00fcber www.agrispring.com tun, mit Informationen, die wir \u00fcber Sie erfahren. Wir empfehlen Ihnen, es sorgf\u00e4ltig zu lesen. Bei der Verarbeitung ber\u00fccksichtigen wir die Anforderungen der Datenschutzgesetzgebung. Das bedeutet unter anderem, dass:<\/p>\n<p>Wir geben klar an, f\u00fcr welche Zwecke wir personenbezogene Daten verarbeiten. Dies geschieht mit Hilfe dieser Datenschutzerkl\u00e4rung;<br \/>\nWir beschr\u00e4nken unsere Erhebung personenbezogener Daten auf diejenigen personenbezogenen Daten, die f\u00fcr rechtm\u00e4\u00dfige Zwecke erforderlich sind;<br \/>\nWir werden Sie zun\u00e4chst um Ihre ausdr\u00fcckliche Zustimmung zur Verarbeitung Ihrer personenbezogenen Daten bitten, wenn Ihre Zustimmung erforderlich ist;<br \/>\nWir ergreifen geeignete Sicherheitsma\u00dfnahmen, um Ihre personenbezogenen Daten zu sch\u00fctzen, einschlie\u00dflich der Anforderungen von Parteien, die personenbezogene Daten in unserem Namen verarbeiten;<br \/>\nWir respektieren Ihr Recht auf Zugang, Berichtigung oder L\u00f6schung Ihrer personenbezogenen Daten auf Ihren Wunsch.<\/p>\n<p>Wenn Sie Fragen haben oder genau wissen m\u00f6chten, was wir von Ihnen halten, kontaktieren Sie uns bitte.<\/p>\n<p>Datenerhebung<\/p>\n<p>Kontaktformular<\/p>\n<p>Wenn Sie unser Kontaktformular auf der Website ausf\u00fcllen oder andere Anfragen zu einer unserer Dienstleistungen stellen, bitten wir Sie, diese auszuf\u00fcllen oder uns mitzuteilen. In diesem Fall verarbeiten wir nur die Daten, die Sie uns \u00fcber das Formular zur Verf\u00fcgung stellen:<\/p>\n<p>Vor- und Nachname<br \/>\nE-Mail-Adresse<\/p>\n<p>Dar\u00fcber hinaus kann Ihre Frage personenbezogene Daten enthalten. Wir verwenden diese Informationen, um Ihre Frage oder Anfrage zu bearbeiten. Wir verwenden die oben genannten personenbezogenen Daten auf der Grundlage Ihrer Einwilligung. Wir speichern diese Informationen, bis wir mit Sicherheit wissen, dass Sie mit unserer Antwort zufrieden sind, und drei Monate lang danach. Dies erleichtert uns den Zugriff auf die Informationen bei Folgeanfragen.<\/p>\n<p>Newsletter<\/p>\n<p>Auf unserer Website k\u00f6nnen Sie unseren Newsletter abonnieren. So bleiben Sie \u00fcber Neuigkeiten aus unserem Unternehmen, Angebote und wichtige Informationen auf dem Laufenden. Zu diesem Zweck verwenden wir die folgenden personenbezogenen Daten:<\/p>\n<p>E-Mail-Adresse<br \/>\nVor- und Nachname<br \/>\nIP-Adresse<\/p>\n<p>Wir verarbeiten Ihre personenbezogenen Daten zum Zwecke des Versands unseres Newsletters mit Ihrer Zustimmung. Wir speichern die Informationen, bis Sie sich von unserem Newsletter abmelden. Sie k\u00f6nnen unseren Newsletter jederzeit abbestellen. Jede E-Mail enth\u00e4lt einen Link, mit dem Sie sich abmelden k\u00f6nnen.<\/p>\n<p>Kunden<\/p>\n<p>Wenn Sie Kunde von uns sind oder sich in einer Verhandlungsphase befinden, verarbeiten wir die folgenden (personenbezogenen) Daten:<\/p>\n<p>Firmenname<br \/>\nDomainname<br \/>\nE-Mail-Adresse<br \/>\nNamens- und Adressdaten<br \/>\nTelefonnummern<br \/>\nVor- und Nachname<\/p>\n<p>Wir verwenden die oben genannten personenbezogenen Daten aufgrund Ihrer Einwilligung und\/oder aufgrund der Durchf\u00fchrung des Vertrages. Wir speichern diese Informationen, solange wir gesetzlich dazu verpflichtet sind. Informationen, f\u00fcr die keine gesetzliche Aufbewahrungspflicht besteht, werden f\u00fcr ein Jahr nach Vertragsabschluss gespeichert.<\/p>\n<p>Weitergabe Ihrer personenbezogenen Daten?<\/p>\n<p>Ihre personenbezogenen Daten werden auf den Servern Dritter im Tier-3-Rechenzentrum der The Datacenter Group in Amsterdam gespeichert. Ihre Daten werden in den Niederlanden verarbeitet. Backups werden im Rechenzentrum in Amsterdam und an einem anderen Standort in den Niederlanden erstellt.<\/p>\n<p>Facebook kann Ihre Daten auch in die Vereinigten Staaten \u00fcbermitteln. Die Datenschutzerkl\u00e4rung von Facebook erm\u00f6glicht es dir, deren Website einzusehen.<\/p>\n<p>Ihre Daten werden auch in einem Drittanbieter-CRM gespeichert, das wir von ihnen verwenden. Ihre Daten werden an Server in den USA \u00fcbertragen. Die Datenschutzerkl\u00e4rung von Hubspot erm\u00f6glicht es Ihnen, die Website von Hubspot einzusehen.<\/p>\n<p>Wir verwenden ein externes Buchhaltungssystem. Dies ist ein System, das sich auf einem lokalen Computer befindet. Die Backups werden sicher \u00fcber das Internet mit einem anderen Standort in den Niederlanden synchronisiert.<\/p>\n<p>Ihre Daten sind auch in Vorschl\u00e4gen, einem Anforderungsprogramm und einem von uns erstellten Aktionsplan enthalten. Diese Dokumente werden intern von unseren Mitarbeitern f\u00fcr Produktionszwecke verwendet.<\/p>\n<p>Sicherheit, Cookies &amp; pers\u00f6nliche Daten<\/p>\n<p>&#8222;Wir verwenden f\u00fcr unsere Website Cookies. F\u00fcr weitere Informationen \u00fcber Cookies verweisen wir Sie auf unsere Cookie-Anweisung.&#8220;<\/p>\n<p>Sicherheit<\/p>\n<p>Um personenbezogene Daten vor Verlust oder anderen Formen der rechtswidrigen Verarbeitung zu sch\u00fctzen, haben wir entsprechende technische Ma\u00dfnahmen getroffen.<\/p>\n<p>Diese Ma\u00dfnahmen, einschlie\u00dflich SSL-Zertifikatsverschl\u00fcsselung und Zwei-Faktor-Authentifizierung, gew\u00e4hrleisten ein Sicherheitsniveau, das den von uns verarbeiteten Daten entspricht.<\/p>\n<p>Soziale Medien<br \/>\nWir m\u00f6chten es Ihnen so einfach wie m\u00f6glich machen, die Inhalte unserer Website \u00fcber Social Media zu teilen. Dies kann \u00fcber eine Reihe von Social Media-Buttons erfolgen.<\/p>\n<p>Wir haben die Buttons f\u00fcr die folgenden Social Media Kan\u00e4le platziert. Lesen Sie die Datenschutzerkl\u00e4rungen der jeweiligen Social Media-Kan\u00e4le, um zu erfahren, wie sie mit dem Datenschutz umgehen. Wir helfen Ihnen auf Ihrem Weg, indem wir die Links zu den verschiedenen Datenschutzerkl\u00e4rungen weitergeben:<\/p>\n<p>Facebook<br \/>\nInstagram<br \/>\nLinkedIn<br \/>\nPinterest<br \/>\nTwitter<br \/>\nGoogle Plus<br \/>\nPuffer<br \/>\nYouTube<\/p>\n<p>Links auf der Website<br \/>\nAuf unserer Website finden Sie Links zu externen Websites. Wenn Sie auf einen Link klicken, gelangen Sie zu einer anderen Website auf dieser Website. Diese externen Websites k\u00f6nnen Cookies verwenden. Bitte beachten Sie die Cookie- oder Datenschutzerkl\u00e4rung der jeweiligen Website.<\/p>\n<p>Websites von Drittanbietern<\/p>\n<p>Diese Datenschutzerkl\u00e4rung gilt nicht f\u00fcr Websites Dritter, die mit unserer Website verlinkt sind. Wir k\u00f6nnen nicht garantieren, dass diese Dritten Ihre personenbezogenen Daten zuverl\u00e4ssig und sicher behandeln. Wir empfehlen Ihnen, die Datenschutzerkl\u00e4rung dieser Websites zu lesen, bevor Sie diese nutzen.<\/p>\n<p>Rechte der betroffenen Personen<\/p>\n<p>Zugriff und \u00c4nderung Ihrer Daten<\/p>\n<p>Sie haben jederzeit das Recht, Ihre Einwilligung in die Verarbeitung Ihrer Daten zu widerrufen. Nach dem Widerruf Ihrer Einwilligung werden wir Ihre personenbezogenen Daten l\u00f6schen. Der Widerruf dieser Einwilligung hat keinen Einfluss auf die Rechtm\u00e4\u00dfigkeit unserer Datenverarbeitung auf der Grundlage Ihrer Einwilligung, die vor diesem Widerruf erfolgte.<\/p>\n<p>Sie haben auch das Recht auf Zugang zu Ihren personenbezogenen Daten und das Recht auf Berichtigung Ihrer personenbezogenen Daten. Wenn Sie wissen m\u00f6chten, welche personenbezogenen Daten wir \u00fcber Sie verarbeiten, k\u00f6nnen Sie einen schriftlichen Antrag auf Einsichtnahme stellen. Wenn Ihre Angaben falsch, unvollst\u00e4ndig oder irrelevant sind, k\u00f6nnen Sie uns schriftlich bitten, Ihre Angaben zu \u00e4ndern oder zu erg\u00e4nzen. Dar\u00fcber hinaus haben Sie das Recht, Ihre personenbezogenen Daten zu l\u00f6schen, das Recht, die Verarbeitung einzuschr\u00e4nken und das Recht, der Verarbeitung zu widersprechen. Dar\u00fcber hinaus haben Sie das Recht, Ihre Daten zu \u00fcbermitteln oder \u00fcbertragbar zu machen, wenn wir Ihre personenbezogenen Daten aufgrund der Zustimmung oder Erf\u00fcllung des Vertrages verarbeiten. Sie k\u00f6nnen dies auch schriftlich beantragen. Schriftlich&#8220; beinhaltet auch eine E-Mail. Sie k\u00f6nnen Ihre Anfrage an uns \u00fcber die auf der Website angegebene E-Mail-Adresse senden.<\/p>\n<p>Einreichung einer Beschwerde<br \/>\nWenn Sie mit der Art und Weise, wie wir mit der Verarbeitung Ihrer personenbezogenen Daten umgehen (eine Beschwerde \u00fcber die Verarbeitung), nicht zufrieden sind, haben Sie das Recht, eine Beschwerde bei der Beh\u00f6rde f\u00fcr personenbezogene Daten einzureichen.<\/p>\n<p>\u00c4nderungen an der Datenschutzerkl\u00e4rung<\/p>\n<p>Wir behalten uns das Recht vor, \u00c4nderungen an dieser Datenschutzerkl\u00e4rung vorzunehmen. Die \u00c4nderungen werden mit dem angek\u00fcndigten Datum des Inkrafttretens wirksam.<\/p>\n","protected":false},"excerpt":{"rendered":"<p>Datenschutzerkl\u00e4rung Agrispring Diese Datenschutzerkl\u00e4rung wurde zuletzt am 18. Mai 2018 ge\u00e4ndert. Wir verarbeiten personenbezogene Daten nur f\u00fcr den Zweck, f\u00fcr den sie zur Verf\u00fcgung [&hellip;]<\/p>\n","protected":false},"author":10,"featured_media":0,"parent":0,"menu_order":28,"comment_status":"closed","ping_status":"closed","template":"","meta":{"_acf_changed":false,"footnotes":""},"class_list":["post-299","page","type-page","status-publish","hentry"],"acf":[],"yoast_head":"<!-- This site is optimized with the Yoast SEO plugin v26.9 - https:\/\/yoast.com\/product\/yoast-seo-wordpress\/ -->\n<title>Datenschutzerkl\u00e4rung - Agrispring<\/title>\n<meta name=\"robots\" content=\"index, follow, max-snippet:-1, max-image-preview:large, max-video-preview:-1\" \/>\n<link rel=\"canonical\" href=\"https:\/\/agrispring.com\/de\/datenschutzerklaerung\/\" \/>\n<meta property=\"og:locale\" content=\"de_DE\" \/>\n<meta property=\"og:type\" content=\"article\" \/>\n<meta property=\"og:title\" content=\"Datenschutzerkl\u00e4rung - Agrispring\" \/>\n<meta property=\"og:description\" content=\"Datenschutzerkl\u00e4rung Agrispring Diese Datenschutzerkl\u00e4rung wurde zuletzt am 18. Mai 2018 ge\u00e4ndert. Wir verarbeiten personenbezogene Daten nur f\u00fcr den Zweck, f\u00fcr den sie zur Verf\u00fcgung [&hellip;]\" \/>\n<meta property=\"og:url\" content=\"https:\/\/agrispring.com\/de\/datenschutzerklaerung\/\" \/>\n<meta property=\"og:site_name\" content=\"Agrispring\" \/>\n<meta property=\"article:modified_time\" content=\"2020-08-27T06:51:11+00:00\" \/>\n<meta name=\"twitter:card\" content=\"summary_large_image\" \/>\n<meta name=\"twitter:label1\" content=\"Gesch\u00e4tzte Lesezeit\" \/>\n\t<meta name=\"twitter:data1\" content=\"6\u00a0Minuten\" \/>\n<script type=\"application\/ld+json\" class=\"yoast-schema-graph\">{\"@context\":\"https:\/\/schema.org\",\"@graph\":[{\"@type\":\"WebPage\",\"@id\":\"https:\/\/agrispring.com\/de\/datenschutzerklaerung\/\",\"url\":\"https:\/\/agrispring.com\/de\/datenschutzerklaerung\/\",\"name\":\"Datenschutzerkl\u00e4rung - Agrispring\",\"isPartOf\":{\"@id\":\"https:\/\/agrispring.com\/#website\"},\"datePublished\":\"2019-11-06T08:50:26+00:00\",\"dateModified\":\"2020-08-27T06:51:11+00:00\",\"breadcrumb\":{\"@id\":\"https:\/\/agrispring.com\/de\/datenschutzerklaerung\/#breadcrumb\"},\"inLanguage\":\"de\",\"potentialAction\":[{\"@type\":\"ReadAction\",\"target\":[\"https:\/\/agrispring.com\/de\/datenschutzerklaerung\/\"]}]},{\"@type\":\"BreadcrumbList\",\"@id\":\"https:\/\/agrispring.com\/de\/datenschutzerklaerung\/#breadcrumb\",\"itemListElement\":[{\"@type\":\"ListItem\",\"position\":1,\"name\":\"Home\",\"item\":\"https:\/\/agrispring.com\/de\/\"},{\"@type\":\"ListItem\",\"position\":2,\"name\":\"Datenschutzerkl\u00e4rung\"}]},{\"@type\":\"WebSite\",\"@id\":\"https:\/\/agrispring.com\/#website\",\"url\":\"https:\/\/agrispring.com\/\",\"name\":\"Agrispring\",\"description\":\"En nog een WordPress site\",\"publisher\":{\"@id\":\"https:\/\/agrispring.com\/#organization\"},\"potentialAction\":[{\"@type\":\"SearchAction\",\"target\":{\"@type\":\"EntryPoint\",\"urlTemplate\":\"https:\/\/agrispring.com\/?s={search_term_string}\"},\"query-input\":{\"@type\":\"PropertyValueSpecification\",\"valueRequired\":true,\"valueName\":\"search_term_string\"}}],\"inLanguage\":\"de\"},{\"@type\":\"Organization\",\"@id\":\"https:\/\/agrispring.com\/#organization\",\"name\":\"Agrispring\",\"url\":\"https:\/\/agrispring.com\/\",\"logo\":{\"@type\":\"ImageObject\",\"inLanguage\":\"de\",\"@id\":\"https:\/\/agrispring.com\/#\/schema\/logo\/image\/\",\"url\":\"https:\/\/agrispring.com\/wp-content\/uploads\/2019\/10\/logo-agrispring.com-299x56px.jpg\",\"contentUrl\":\"https:\/\/agrispring.com\/wp-content\/uploads\/2019\/10\/logo-agrispring.com-299x56px.jpg\",\"width\":299,\"height\":56,\"caption\":\"Agrispring\"},\"image\":{\"@id\":\"https:\/\/agrispring.com\/#\/schema\/logo\/image\/\"}}]}<\/script>\n<!-- \/ Yoast SEO plugin. -->","yoast_head_json":{"title":"Datenschutzerkl\u00e4rung - Agrispring","robots":{"index":"index","follow":"follow","max-snippet":"max-snippet:-1","max-image-preview":"max-image-preview:large","max-video-preview":"max-video-preview:-1"},"canonical":"https:\/\/agrispring.com\/de\/datenschutzerklaerung\/","og_locale":"de_DE","og_type":"article","og_title":"Datenschutzerkl\u00e4rung - Agrispring","og_description":"Datenschutzerkl\u00e4rung Agrispring Diese Datenschutzerkl\u00e4rung wurde zuletzt am 18. Mai 2018 ge\u00e4ndert. Wir verarbeiten personenbezogene Daten nur f\u00fcr den Zweck, f\u00fcr den sie zur Verf\u00fcgung [&hellip;]","og_url":"https:\/\/agrispring.com\/de\/datenschutzerklaerung\/","og_site_name":"Agrispring","article_modified_time":"2020-08-27T06:51:11+00:00","twitter_card":"summary_large_image","twitter_misc":{"Gesch\u00e4tzte Lesezeit":"6\u00a0Minuten"},"schema":{"@context":"https:\/\/schema.org","@graph":[{"@type":"WebPage","@id":"https:\/\/agrispring.com\/de\/datenschutzerklaerung\/","url":"https:\/\/agrispring.com\/de\/datenschutzerklaerung\/","name":"Datenschutzerkl\u00e4rung - Agrispring","isPartOf":{"@id":"https:\/\/agrispring.com\/#website"},"datePublished":"2019-11-06T08:50:26+00:00","dateModified":"2020-08-27T06:51:11+00:00","breadcrumb":{"@id":"https:\/\/agrispring.com\/de\/datenschutzerklaerung\/#breadcrumb"},"inLanguage":"de","potentialAction":[{"@type":"ReadAction","target":["https:\/\/agrispring.com\/de\/datenschutzerklaerung\/"]}]},{"@type":"BreadcrumbList","@id":"https:\/\/agrispring.com\/de\/datenschutzerklaerung\/#breadcrumb","itemListElement":[{"@type":"ListItem","position":1,"name":"Home","item":"https:\/\/agrispring.com\/de\/"},{"@type":"ListItem","position":2,"name":"Datenschutzerkl\u00e4rung"}]},{"@type":"WebSite","@id":"https:\/\/agrispring.com\/#website","url":"https:\/\/agrispring.com\/","name":"Agrispring","description":"En nog een WordPress site","publisher":{"@id":"https:\/\/agrispring.com\/#organization"},"potentialAction":[{"@type":"SearchAction","target":{"@type":"EntryPoint","urlTemplate":"https:\/\/agrispring.com\/?s={search_term_string}"},"query-input":{"@type":"PropertyValueSpecification","valueRequired":true,"valueName":"search_term_string"}}],"inLanguage":"de"},{"@type":"Organization","@id":"https:\/\/agrispring.com\/#organization","name":"Agrispring","url":"https:\/\/agrispring.com\/","logo":{"@type":"ImageObject","inLanguage":"de","@id":"https:\/\/agrispring.com\/#\/schema\/logo\/image\/","url":"https:\/\/agrispring.com\/wp-content\/uploads\/2019\/10\/logo-agrispring.com-299x56px.jpg","contentUrl":"https:\/\/agrispring.com\/wp-content\/uploads\/2019\/10\/logo-agrispring.com-299x56px.jpg","width":299,"height":56,"caption":"Agrispring"},"image":{"@id":"https:\/\/agrispring.com\/#\/schema\/logo\/image\/"}}]}},"_links":{"self":[{"href":"https:\/\/agrispring.com\/de\/wp-json\/wp\/v2\/pages\/299","targetHints":{"allow":["GET"]}}],"collection":[{"href":"https:\/\/agrispring.com\/de\/wp-json\/wp\/v2\/pages"}],"about":[{"href":"https:\/\/agrispring.com\/de\/wp-json\/wp\/v2\/types\/page"}],"author":[{"embeddable":true,"href":"https:\/\/agrispring.com\/de\/wp-json\/wp\/v2\/users\/10"}],"replies":[{"embeddable":true,"href":"https:\/\/agrispring.com\/de\/wp-json\/wp\/v2\/comments?post=299"}],"version-history":[{"count":3,"href":"https:\/\/agrispring.com\/de\/wp-json\/wp\/v2\/pages\/299\/revisions"}],"predecessor-version":[{"id":25351,"href":"https:\/\/agrispring.com\/de\/wp-json\/wp\/v2\/pages\/299\/revisions\/25351"}],"wp:attachment":[{"href":"https:\/\/agrispring.com\/de\/wp-json\/wp\/v2\/media?parent=299"}],"curies":[{"name":"wp","href":"https:\/\/api.w.org\/{rel}","templated":true}]}}