{"id":25377,"date":"2020-08-29T23:37:23","date_gmt":"2020-08-29T23:37:23","guid":{"rendered":"https:\/\/agrispring.com\/?page_id=25377"},"modified":"2020-08-29T23:40:16","modified_gmt":"2020-08-29T23:40:16","slug":"schwaderzinken","status":"publish","type":"page","link":"https:\/\/agrispring.com\/de\/schwaderzinken\/","title":{"rendered":"Schwaderzinken"},"content":{"rendered":"<h1><img loading=\"lazy\" decoding=\"async\" class=\"alignright size-medium wp-image-25372\" src=\"https:\/\/agrispring.com\/wp-content\/uploads\/2020\/08\/610365-300x200.jpg\" alt=\"Schwaderzinken\" width=\"300\" height=\"200\" srcset=\"https:\/\/agrispring.com\/wp-content\/uploads\/2020\/08\/610365-300x200.jpg 300w, https:\/\/agrispring.com\/wp-content\/uploads\/2020\/08\/610365-600x401.jpg 600w, https:\/\/agrispring.com\/wp-content\/uploads\/2020\/08\/610365-1024x684.jpg 1024w, https:\/\/agrispring.com\/wp-content\/uploads\/2020\/08\/610365-768x513.jpg 768w, https:\/\/agrispring.com\/wp-content\/uploads\/2020\/08\/610365-180x120.jpg 180w, https:\/\/agrispring.com\/wp-content\/uploads\/2020\/08\/610365.jpg 1200w\" sizes=\"auto, (max-width: 300px) 100vw, 300px\" \/>Schwaderzinken vom Agrarfachmann AgriSpring<\/h1>\n<p>Suchen Sie die besten Schwaderzinken? Dann sind Sie auf der Website des Agrarfachmanns AgriSpring genau richtig. DTV AgriSpring verf\u00fcgt \u00fcber mehr als f\u00fcnfzig Jahre Erfahrung in der Herstellung der besten landwirtschaftlichen landwirtschaftlichen Quellen. Wir sind ein f\u00fchrender Hersteller und liefern Federn f\u00fcr landwirtschaftliche Maschinen sowie f\u00fcr solche industriellen Anwendungen. Bei AgriSpring entwickeln, verbessern und erweitern wir st\u00e4ndig den Produktionsprozess f\u00fcr landwirtschaftliche Federn, um weiterhin qualitativ hochwertige Federn zu den besten Preisen zu liefern. Interessieren Sie sich f\u00fcr den Schwader des Agrarfachmanns AgriSpring? Dann lesen Sie weiter oder sehen Sie sich unser <a href=\"https:\/\/agrispring.com\/de\/produkt-kategorie\/schwaderzinken\/\">Sortiment<\/a> an Schwaderzinken an.<\/p>\n<h2>Alle landwirtschaftlichen Quellen einschlie\u00dflich Schwaderzinken k\u00f6nnen beim Agrarfachmann AgriSpring bestellt werden<\/h2>\n<p><img loading=\"lazy\" decoding=\"async\" class=\"alignright size-medium wp-image-25366\" src=\"https:\/\/agrispring.com\/wp-content\/uploads\/2020\/08\/610343-300x200.jpg\" alt=\"Schwaderzinken\" width=\"300\" height=\"200\" srcset=\"https:\/\/agrispring.com\/wp-content\/uploads\/2020\/08\/610343-300x200.jpg 300w, https:\/\/agrispring.com\/wp-content\/uploads\/2020\/08\/610343-600x401.jpg 600w, https:\/\/agrispring.com\/wp-content\/uploads\/2020\/08\/610343-1024x684.jpg 1024w, https:\/\/agrispring.com\/wp-content\/uploads\/2020\/08\/610343-768x513.jpg 768w, https:\/\/agrispring.com\/wp-content\/uploads\/2020\/08\/610343-180x120.jpg 180w, https:\/\/agrispring.com\/wp-content\/uploads\/2020\/08\/610343.jpg 1200w\" sizes=\"auto, (max-width: 300px) 100vw, 300px\" \/>Sie k\u00f6nnen sicher sein, dass Sie landwirtschaftliche Quellen von h\u00f6chster Qualit\u00e4t erhalten, wenn Sie Ihre landwirtschaftlichen Quellen bei AgriSpring bestellen. Unsere landwirtschaftlichen Quellen bestehen aus hochwertigem Stahl und wir verwenden nur zertifizierte Rohstoffe. Alle auf unserer Website bereitgestellten Teile und Dokumente entsprechen mindestens den <a href=\"https:\/\/en.wikipedia.org\/wiki\/Original_equipment_manufacturer\">OEM-Spezifikationen (Original Equipment Manufacturer)<\/a>. Alle von uns verkauften Schwaderzinken finden Sie in unserem Webshop, indem Sie <a href=\"https:\/\/agrispring.com\/de\/produkt-kategorie\/schwaderzinken\/\">hier<\/a> klicken. Die Eigenschaften und Eigenschaften eines bestimmten Schwaderzinken finden Sie auf der jeweiligen Produktseite.<\/p>\n<h2>Weitere Informationen und Kontakt mit AgriSpring<\/h2>\n<p>All information about AgriSpring and our products can be found on our website. In addition to supplying standard springs, we also provide customization, based on the specifications you provide. Almost all agricultural springs are immediately available from stock. If necessary, it is also possible to request an urgent person to have the agricultural feathers shipped the same day. Do you have any other questions, comments or ambiguities? Then contact us. You will find all our contact details at the bottom of the page or on the contact page. Send an email to info@dtvsprings.nl or call us on +31 514 568 100. We are happy to help you. You may be interested in our <a href=\"https:\/\/www.facebook.com\/DTVSprings\/\">Facebook<\/a> page for the latest news from DTV AgriSpring!<\/p>\n","protected":false},"excerpt":{"rendered":"<p>Schwaderzinken vom Agrarfachmann AgriSpring Suchen Sie die besten Schwaderzinken? Dann sind Sie auf der Website des Agrarfachmanns AgriSpring genau richtig. DTV AgriSpring verf\u00fcgt \u00fcber [&hellip;]<\/p>\n","protected":false},"author":10,"featured_media":0,"parent":0,"menu_order":0,"comment_status":"closed","ping_status":"closed","template":"","meta":{"_acf_changed":false,"footnotes":""},"class_list":["post-25377","page","type-page","status-publish","hentry"],"acf":[],"yoast_head":"<!-- This site is optimized with the Yoast SEO plugin v26.9 - https:\/\/yoast.com\/product\/yoast-seo-wordpress\/ -->\n<title>Schwaderzinken vom Agrarfachmann Agrispring.com<\/title>\n<meta name=\"description\" content=\"Suchen Sie Schwaderzinken f\u00fcr Ihre landwirtschaftliche Maschine? Sie k\u00f6nnen die beste Schwaderzange beim Agrarfachmann AgriSpring bestellen.\" \/>\n<meta name=\"robots\" content=\"index, follow, max-snippet:-1, max-image-preview:large, max-video-preview:-1\" \/>\n<link rel=\"canonical\" href=\"https:\/\/agrispring.com\/de\/schwaderzinken\/\" \/>\n<meta property=\"og:locale\" content=\"de_DE\" \/>\n<meta property=\"og:type\" content=\"article\" \/>\n<meta property=\"og:title\" content=\"Schwaderzinken vom Agrarfachmann Agrispring.com\" \/>\n<meta property=\"og:description\" content=\"Suchen Sie Schwaderzinken f\u00fcr Ihre landwirtschaftliche Maschine? Sie k\u00f6nnen die beste Schwaderzange beim Agrarfachmann AgriSpring bestellen.\" \/>\n<meta property=\"og:url\" content=\"https:\/\/agrispring.com\/de\/schwaderzinken\/\" \/>\n<meta property=\"og:site_name\" content=\"Agrispring\" \/>\n<meta property=\"article:modified_time\" content=\"2020-08-29T23:40:16+00:00\" \/>\n<meta property=\"og:image\" content=\"https:\/\/agrispring.com\/wp-content\/uploads\/2020\/08\/610365-300x200.jpg\" \/>\n<meta name=\"twitter:card\" content=\"summary_large_image\" \/>\n<meta name=\"twitter:label1\" content=\"Gesch\u00e4tzte Lesezeit\" \/>\n\t<meta name=\"twitter:data1\" content=\"2\u00a0Minuten\" \/>\n<script type=\"application\/ld+json\" class=\"yoast-schema-graph\">{\"@context\":\"https:\/\/schema.org\",\"@graph\":[{\"@type\":\"WebPage\",\"@id\":\"https:\/\/agrispring.com\/de\/schwaderzinken\/\",\"url\":\"https:\/\/agrispring.com\/de\/schwaderzinken\/\",\"name\":\"Schwaderzinken vom Agrarfachmann Agrispring.com\",\"isPartOf\":{\"@id\":\"https:\/\/agrispring.com\/#website\"},\"primaryImageOfPage\":{\"@id\":\"https:\/\/agrispring.com\/de\/schwaderzinken\/#primaryimage\"},\"image\":{\"@id\":\"https:\/\/agrispring.com\/de\/schwaderzinken\/#primaryimage\"},\"thumbnailUrl\":\"https:\/\/agrispring.com\/wp-content\/uploads\/2020\/08\/610365-300x200.jpg\",\"datePublished\":\"2020-08-29T23:37:23+00:00\",\"dateModified\":\"2020-08-29T23:40:16+00:00\",\"description\":\"Suchen Sie Schwaderzinken f\u00fcr Ihre landwirtschaftliche Maschine? Sie k\u00f6nnen die beste Schwaderzange beim Agrarfachmann AgriSpring bestellen.\",\"breadcrumb\":{\"@id\":\"https:\/\/agrispring.com\/de\/schwaderzinken\/#breadcrumb\"},\"inLanguage\":\"de\",\"potentialAction\":[{\"@type\":\"ReadAction\",\"target\":[\"https:\/\/agrispring.com\/de\/schwaderzinken\/\"]}]},{\"@type\":\"ImageObject\",\"inLanguage\":\"de\",\"@id\":\"https:\/\/agrispring.com\/de\/schwaderzinken\/#primaryimage\",\"url\":\"https:\/\/agrispring.com\/wp-content\/uploads\/2020\/08\/610365-300x200.jpg\",\"contentUrl\":\"https:\/\/agrispring.com\/wp-content\/uploads\/2020\/08\/610365-300x200.jpg\"},{\"@type\":\"BreadcrumbList\",\"@id\":\"https:\/\/agrispring.com\/de\/schwaderzinken\/#breadcrumb\",\"itemListElement\":[{\"@type\":\"ListItem\",\"position\":1,\"name\":\"Home\",\"item\":\"https:\/\/agrispring.com\/de\/\"},{\"@type\":\"ListItem\",\"position\":2,\"name\":\"Schwaderzinken\"}]},{\"@type\":\"WebSite\",\"@id\":\"https:\/\/agrispring.com\/#website\",\"url\":\"https:\/\/agrispring.com\/\",\"name\":\"Agrispring\",\"description\":\"En nog een WordPress site\",\"publisher\":{\"@id\":\"https:\/\/agrispring.com\/#organization\"},\"potentialAction\":[{\"@type\":\"SearchAction\",\"target\":{\"@type\":\"EntryPoint\",\"urlTemplate\":\"https:\/\/agrispring.com\/?s={search_term_string}\"},\"query-input\":{\"@type\":\"PropertyValueSpecification\",\"valueRequired\":true,\"valueName\":\"search_term_string\"}}],\"inLanguage\":\"de\"},{\"@type\":\"Organization\",\"@id\":\"https:\/\/agrispring.com\/#organization\",\"name\":\"Agrispring\",\"url\":\"https:\/\/agrispring.com\/\",\"logo\":{\"@type\":\"ImageObject\",\"inLanguage\":\"de\",\"@id\":\"https:\/\/agrispring.com\/#\/schema\/logo\/image\/\",\"url\":\"https:\/\/agrispring.com\/wp-content\/uploads\/2019\/10\/logo-agrispring.com-299x56px.jpg\",\"contentUrl\":\"https:\/\/agrispring.com\/wp-content\/uploads\/2019\/10\/logo-agrispring.com-299x56px.jpg\",\"width\":299,\"height\":56,\"caption\":\"Agrispring\"},\"image\":{\"@id\":\"https:\/\/agrispring.com\/#\/schema\/logo\/image\/\"}}]}<\/script>\n<!-- \/ Yoast SEO plugin. -->","yoast_head_json":{"title":"Schwaderzinken vom Agrarfachmann Agrispring.com","description":"Suchen Sie Schwaderzinken f\u00fcr Ihre landwirtschaftliche Maschine? Sie k\u00f6nnen die beste Schwaderzange beim Agrarfachmann AgriSpring bestellen.","robots":{"index":"index","follow":"follow","max-snippet":"max-snippet:-1","max-image-preview":"max-image-preview:large","max-video-preview":"max-video-preview:-1"},"canonical":"https:\/\/agrispring.com\/de\/schwaderzinken\/","og_locale":"de_DE","og_type":"article","og_title":"Schwaderzinken vom Agrarfachmann Agrispring.com","og_description":"Suchen Sie Schwaderzinken f\u00fcr Ihre landwirtschaftliche Maschine? Sie k\u00f6nnen die beste Schwaderzange beim Agrarfachmann AgriSpring bestellen.","og_url":"https:\/\/agrispring.com\/de\/schwaderzinken\/","og_site_name":"Agrispring","article_modified_time":"2020-08-29T23:40:16+00:00","og_image":[{"url":"https:\/\/agrispring.com\/wp-content\/uploads\/2020\/08\/610365-300x200.jpg","type":"","width":"","height":""}],"twitter_card":"summary_large_image","twitter_misc":{"Gesch\u00e4tzte Lesezeit":"2\u00a0Minuten"},"schema":{"@context":"https:\/\/schema.org","@graph":[{"@type":"WebPage","@id":"https:\/\/agrispring.com\/de\/schwaderzinken\/","url":"https:\/\/agrispring.com\/de\/schwaderzinken\/","name":"Schwaderzinken vom Agrarfachmann Agrispring.com","isPartOf":{"@id":"https:\/\/agrispring.com\/#website"},"primaryImageOfPage":{"@id":"https:\/\/agrispring.com\/de\/schwaderzinken\/#primaryimage"},"image":{"@id":"https:\/\/agrispring.com\/de\/schwaderzinken\/#primaryimage"},"thumbnailUrl":"https:\/\/agrispring.com\/wp-content\/uploads\/2020\/08\/610365-300x200.jpg","datePublished":"2020-08-29T23:37:23+00:00","dateModified":"2020-08-29T23:40:16+00:00","description":"Suchen Sie Schwaderzinken f\u00fcr Ihre landwirtschaftliche Maschine? Sie k\u00f6nnen die beste Schwaderzange beim Agrarfachmann AgriSpring bestellen.","breadcrumb":{"@id":"https:\/\/agrispring.com\/de\/schwaderzinken\/#breadcrumb"},"inLanguage":"de","potentialAction":[{"@type":"ReadAction","target":["https:\/\/agrispring.com\/de\/schwaderzinken\/"]}]},{"@type":"ImageObject","inLanguage":"de","@id":"https:\/\/agrispring.com\/de\/schwaderzinken\/#primaryimage","url":"https:\/\/agrispring.com\/wp-content\/uploads\/2020\/08\/610365-300x200.jpg","contentUrl":"https:\/\/agrispring.com\/wp-content\/uploads\/2020\/08\/610365-300x200.jpg"},{"@type":"BreadcrumbList","@id":"https:\/\/agrispring.com\/de\/schwaderzinken\/#breadcrumb","itemListElement":[{"@type":"ListItem","position":1,"name":"Home","item":"https:\/\/agrispring.com\/de\/"},{"@type":"ListItem","position":2,"name":"Schwaderzinken"}]},{"@type":"WebSite","@id":"https:\/\/agrispring.com\/#website","url":"https:\/\/agrispring.com\/","name":"Agrispring","description":"En nog een WordPress site","publisher":{"@id":"https:\/\/agrispring.com\/#organization"},"potentialAction":[{"@type":"SearchAction","target":{"@type":"EntryPoint","urlTemplate":"https:\/\/agrispring.com\/?s={search_term_string}"},"query-input":{"@type":"PropertyValueSpecification","valueRequired":true,"valueName":"search_term_string"}}],"inLanguage":"de"},{"@type":"Organization","@id":"https:\/\/agrispring.com\/#organization","name":"Agrispring","url":"https:\/\/agrispring.com\/","logo":{"@type":"ImageObject","inLanguage":"de","@id":"https:\/\/agrispring.com\/#\/schema\/logo\/image\/","url":"https:\/\/agrispring.com\/wp-content\/uploads\/2019\/10\/logo-agrispring.com-299x56px.jpg","contentUrl":"https:\/\/agrispring.com\/wp-content\/uploads\/2019\/10\/logo-agrispring.com-299x56px.jpg","width":299,"height":56,"caption":"Agrispring"},"image":{"@id":"https:\/\/agrispring.com\/#\/schema\/logo\/image\/"}}]}},"_links":{"self":[{"href":"https:\/\/agrispring.com\/de\/wp-json\/wp\/v2\/pages\/25377","targetHints":{"allow":["GET"]}}],"collection":[{"href":"https:\/\/agrispring.com\/de\/wp-json\/wp\/v2\/pages"}],"about":[{"href":"https:\/\/agrispring.com\/de\/wp-json\/wp\/v2\/types\/page"}],"author":[{"embeddable":true,"href":"https:\/\/agrispring.com\/de\/wp-json\/wp\/v2\/users\/10"}],"replies":[{"embeddable":true,"href":"https:\/\/agrispring.com\/de\/wp-json\/wp\/v2\/comments?post=25377"}],"version-history":[{"count":1,"href":"https:\/\/agrispring.com\/de\/wp-json\/wp\/v2\/pages\/25377\/revisions"}],"predecessor-version":[{"id":25378,"href":"https:\/\/agrispring.com\/de\/wp-json\/wp\/v2\/pages\/25377\/revisions\/25378"}],"wp:attachment":[{"href":"https:\/\/agrispring.com\/de\/wp-json\/wp\/v2\/media?parent=25377"}],"curies":[{"name":"wp","href":"https:\/\/api.w.org\/{rel}","templated":true}]}}