{"id":25211,"date":"2020-07-23T11:55:23","date_gmt":"2020-07-23T11:55:23","guid":{"rendered":"https:\/\/agrispring.com\/?page_id=25211"},"modified":"2020-07-23T11:55:23","modified_gmt":"2020-07-23T11:55:23","slug":"pick-up-zinken","status":"publish","type":"page","link":"https:\/\/agrispring.com\/de\/pick-up-zinken\/","title":{"rendered":"Pick-up Zinken"},"content":{"rendered":"<h1><img loading=\"lazy\" decoding=\"async\" class=\"alignright size-medium wp-image-25209\" src=\"https:\/\/agrispring.com\/wp-content\/uploads\/2020\/07\/610074-1-300x200.jpg\" alt=\"Pick-up Zinken\" width=\"300\" height=\"200\" srcset=\"https:\/\/agrispring.com\/wp-content\/uploads\/2020\/07\/610074-1-300x200.jpg 300w, https:\/\/agrispring.com\/wp-content\/uploads\/2020\/07\/610074-1-600x401.jpg 600w, https:\/\/agrispring.com\/wp-content\/uploads\/2020\/07\/610074-1-1024x684.jpg 1024w, https:\/\/agrispring.com\/wp-content\/uploads\/2020\/07\/610074-1-768x513.jpg 768w, https:\/\/agrispring.com\/wp-content\/uploads\/2020\/07\/610074-1-180x120.jpg 180w, https:\/\/agrispring.com\/wp-content\/uploads\/2020\/07\/610074-1.jpg 1200w\" sizes=\"auto, (max-width: 300px) 100vw, 300px\" \/>Pick-up Zinken von Agrispring<\/h1>\n<p>Suchen Sie hochwertige Pick-up Zinken f\u00fcr Ihre Landmaschine oder \u00e4hnliches? Dann ist Agrispring der richtige Ort f\u00fcr Sie! Agrispring produziert hochwertige Stahlfedern und verwendet nur zertifizierte Rohstoffe. Sofern nicht als authentisch angegeben, entsprechen alle Teile und Dokumente auf unserer Website mindestens den <a href=\"https:\/\/en.wikipedia.org\/wiki\/Original_equipment_manufacturer\">OEM-Spezifikationen (Original Equipment Manufacturer)<\/a>. Sie k\u00f6nnen fast alle landwirtschaftlichen Quellen, einschlie\u00dflich Pick-up Zinken, aus unserem Lager bestellen. Dies bedeutet, dass es schnell geliefert werden kann. Bei dringenden Bestellungen k\u00f6nnte es sogar noch am selben Tag versendet werden. Sehen Sie sich unseren Katalog f\u00fcr alle unsere Produkte an! Neben der Herstellung von Stahlfedern liefern wir auch Sonderanfertigungen von Agrispring. Dies bedeutet zum Beispiel, dass wir eine Feder nach den von Ihnen festgelegten Spezifikationen herstellen.<\/p>\n<h2><img loading=\"lazy\" decoding=\"async\" class=\"alignright size-medium wp-image-25203\" src=\"https:\/\/agrispring.com\/wp-content\/uploads\/2020\/07\/610022-1-300x200.jpg\" alt=\"Pick-up Zinken\" width=\"300\" height=\"200\" srcset=\"https:\/\/agrispring.com\/wp-content\/uploads\/2020\/07\/610022-1-300x200.jpg 300w, https:\/\/agrispring.com\/wp-content\/uploads\/2020\/07\/610022-1-600x400.jpg 600w, https:\/\/agrispring.com\/wp-content\/uploads\/2020\/07\/610022-1-1024x683.jpg 1024w, https:\/\/agrispring.com\/wp-content\/uploads\/2020\/07\/610022-1-768x512.jpg 768w, https:\/\/agrispring.com\/wp-content\/uploads\/2020\/07\/610022-1-180x120.jpg 180w, https:\/\/agrispring.com\/wp-content\/uploads\/2020\/07\/610022-1.jpg 1199w\" sizes=\"auto, (max-width: 300px) 100vw, 300px\" \/>Bestellung von Pick-up Zinken bei Landwirtschaftsspezialist Agrispring.com<\/h2>\n<p>Auf unserer Website finden Sie eine Vielzahl verschiedener Federn. Klicken Sie <a href=\"https:\/\/agrispring.com\/de\/katalog\/\">hier<\/a>, um unseren Katalog mit Pickup- und Rollenzinken anzuzeigen. Dort finden Sie nicht weniger als zweiundzwanzig Seiten mit Pick-up- und Rollenzinken! Auf diese Weise finden Sie mit ziemlicher Sicherheit das, was Sie brauchen. Wenn nicht, k\u00f6nnen Sie uns jederzeit kontaktieren. Dann k\u00f6nnen wir pr\u00fcfen, ob wir Sonderanfertigungen f\u00fcr Sie liefern k\u00f6nnen. Wenn Sie auf einen der pick-up Zinken im Katalog klicken, sehen Sie, f\u00fcr welchen Maschinentyp er geeignet ist. Sie k\u00f6nnen es einfach zu einer Angebotsanfrage auf der entsprechenden Seite hinzuf\u00fcgen.<\/p>\n<h2>Weitere Informationen und Kontakt mit Agrispring<\/h2>\n<p>Fast alle Informationen zu landwirtschaftlichen Quellen und Zinken von Agrispring finden Sie auf unserer Website. Haben Sie weitere Fragen oder Kommentare oder m\u00f6chten Sie eine Anpassung an Ihre angegebenen Spezifikationen anfordern? Sie k\u00f6nnen uns jederzeit kontaktieren. Unsere Kontaktdaten finden Sie unten auf der Website oder auf der Kontaktseite. Hier k\u00f6nnen Sie eine E-Mail senden, anrufen oder ein Formular ausf\u00fcllen, damit wir Sie kontaktieren k\u00f6nnen. Wir helfen Ihnen gerne weiter! Vielleicht interessiert Sie auch unsere <a href=\"https:\/\/www.facebook.com\/DTVSprings\/\">Facebook <\/a>Seite.<\/p>\n","protected":false},"excerpt":{"rendered":"<p>Pick-up Zinken von Agrispring Suchen Sie hochwertige Pick-up Zinken f\u00fcr Ihre Landmaschine oder \u00e4hnliches? Dann ist Agrispring der richtige Ort f\u00fcr Sie! Agrispring produziert [&hellip;]<\/p>\n","protected":false},"author":10,"featured_media":0,"parent":0,"menu_order":0,"comment_status":"closed","ping_status":"closed","template":"","meta":{"_acf_changed":false,"footnotes":""},"class_list":["post-25211","page","type-page","status-publish","hentry"],"acf":[],"yoast_head":"<!-- This site is optimized with the Yoast SEO plugin v26.9 - https:\/\/yoast.com\/product\/yoast-seo-wordpress\/ -->\n<title>Pick-up Zinken von Landwirtschaftsspezialist Agrispring.com<\/title>\n<meta name=\"description\" content=\"Suchen Sie hochwertige Pick-up Zinken? Landwirtschaftsspezialist Agrispring.com stellt Stahlfedern nur aus zertifizierten Grundmaterialien her.\" \/>\n<meta name=\"robots\" content=\"index, follow, max-snippet:-1, max-image-preview:large, max-video-preview:-1\" \/>\n<link rel=\"canonical\" href=\"https:\/\/agrispring.com\/de\/pick-up-zinken\/\" \/>\n<meta property=\"og:locale\" content=\"de_DE\" \/>\n<meta property=\"og:type\" content=\"article\" \/>\n<meta property=\"og:title\" content=\"Pick-up Zinken von Landwirtschaftsspezialist Agrispring.com\" \/>\n<meta property=\"og:description\" content=\"Suchen Sie hochwertige Pick-up Zinken? Landwirtschaftsspezialist Agrispring.com stellt Stahlfedern nur aus zertifizierten Grundmaterialien her.\" \/>\n<meta property=\"og:url\" content=\"https:\/\/agrispring.com\/de\/pick-up-zinken\/\" \/>\n<meta property=\"og:site_name\" content=\"Agrispring\" \/>\n<meta property=\"og:image\" content=\"https:\/\/agrispring.com\/wp-content\/uploads\/2020\/07\/610074-1-300x200.jpg\" \/>\n<meta name=\"twitter:card\" content=\"summary_large_image\" \/>\n<meta name=\"twitter:label1\" content=\"Gesch\u00e4tzte Lesezeit\" \/>\n\t<meta name=\"twitter:data1\" content=\"2\u00a0Minuten\" \/>\n<script type=\"application\/ld+json\" class=\"yoast-schema-graph\">{\"@context\":\"https:\/\/schema.org\",\"@graph\":[{\"@type\":\"WebPage\",\"@id\":\"https:\/\/agrispring.com\/de\/pick-up-zinken\/\",\"url\":\"https:\/\/agrispring.com\/de\/pick-up-zinken\/\",\"name\":\"Pick-up Zinken von Landwirtschaftsspezialist Agrispring.com\",\"isPartOf\":{\"@id\":\"https:\/\/agrispring.com\/#website\"},\"primaryImageOfPage\":{\"@id\":\"https:\/\/agrispring.com\/de\/pick-up-zinken\/#primaryimage\"},\"image\":{\"@id\":\"https:\/\/agrispring.com\/de\/pick-up-zinken\/#primaryimage\"},\"thumbnailUrl\":\"https:\/\/agrispring.com\/wp-content\/uploads\/2020\/07\/610074-1-300x200.jpg\",\"datePublished\":\"2020-07-23T11:55:23+00:00\",\"description\":\"Suchen Sie hochwertige Pick-up Zinken? Landwirtschaftsspezialist Agrispring.com stellt Stahlfedern nur aus zertifizierten Grundmaterialien her.\",\"breadcrumb\":{\"@id\":\"https:\/\/agrispring.com\/de\/pick-up-zinken\/#breadcrumb\"},\"inLanguage\":\"de\",\"potentialAction\":[{\"@type\":\"ReadAction\",\"target\":[\"https:\/\/agrispring.com\/de\/pick-up-zinken\/\"]}]},{\"@type\":\"ImageObject\",\"inLanguage\":\"de\",\"@id\":\"https:\/\/agrispring.com\/de\/pick-up-zinken\/#primaryimage\",\"url\":\"https:\/\/agrispring.com\/wp-content\/uploads\/2020\/07\/610074-1-300x200.jpg\",\"contentUrl\":\"https:\/\/agrispring.com\/wp-content\/uploads\/2020\/07\/610074-1-300x200.jpg\"},{\"@type\":\"BreadcrumbList\",\"@id\":\"https:\/\/agrispring.com\/de\/pick-up-zinken\/#breadcrumb\",\"itemListElement\":[{\"@type\":\"ListItem\",\"position\":1,\"name\":\"Home\",\"item\":\"https:\/\/agrispring.com\/de\/\"},{\"@type\":\"ListItem\",\"position\":2,\"name\":\"Pick-up Zinken\"}]},{\"@type\":\"WebSite\",\"@id\":\"https:\/\/agrispring.com\/#website\",\"url\":\"https:\/\/agrispring.com\/\",\"name\":\"Agrispring\",\"description\":\"En nog een WordPress site\",\"publisher\":{\"@id\":\"https:\/\/agrispring.com\/#organization\"},\"potentialAction\":[{\"@type\":\"SearchAction\",\"target\":{\"@type\":\"EntryPoint\",\"urlTemplate\":\"https:\/\/agrispring.com\/?s={search_term_string}\"},\"query-input\":{\"@type\":\"PropertyValueSpecification\",\"valueRequired\":true,\"valueName\":\"search_term_string\"}}],\"inLanguage\":\"de\"},{\"@type\":\"Organization\",\"@id\":\"https:\/\/agrispring.com\/#organization\",\"name\":\"Agrispring\",\"url\":\"https:\/\/agrispring.com\/\",\"logo\":{\"@type\":\"ImageObject\",\"inLanguage\":\"de\",\"@id\":\"https:\/\/agrispring.com\/#\/schema\/logo\/image\/\",\"url\":\"https:\/\/agrispring.com\/wp-content\/uploads\/2019\/10\/logo-agrispring.com-299x56px.jpg\",\"contentUrl\":\"https:\/\/agrispring.com\/wp-content\/uploads\/2019\/10\/logo-agrispring.com-299x56px.jpg\",\"width\":299,\"height\":56,\"caption\":\"Agrispring\"},\"image\":{\"@id\":\"https:\/\/agrispring.com\/#\/schema\/logo\/image\/\"}}]}<\/script>\n<!-- \/ Yoast SEO plugin. -->","yoast_head_json":{"title":"Pick-up Zinken von Landwirtschaftsspezialist Agrispring.com","description":"Suchen Sie hochwertige Pick-up Zinken? Landwirtschaftsspezialist Agrispring.com stellt Stahlfedern nur aus zertifizierten Grundmaterialien her.","robots":{"index":"index","follow":"follow","max-snippet":"max-snippet:-1","max-image-preview":"max-image-preview:large","max-video-preview":"max-video-preview:-1"},"canonical":"https:\/\/agrispring.com\/de\/pick-up-zinken\/","og_locale":"de_DE","og_type":"article","og_title":"Pick-up Zinken von Landwirtschaftsspezialist Agrispring.com","og_description":"Suchen Sie hochwertige Pick-up Zinken? Landwirtschaftsspezialist Agrispring.com stellt Stahlfedern nur aus zertifizierten Grundmaterialien her.","og_url":"https:\/\/agrispring.com\/de\/pick-up-zinken\/","og_site_name":"Agrispring","og_image":[{"url":"https:\/\/agrispring.com\/wp-content\/uploads\/2020\/07\/610074-1-300x200.jpg","type":"","width":"","height":""}],"twitter_card":"summary_large_image","twitter_misc":{"Gesch\u00e4tzte Lesezeit":"2\u00a0Minuten"},"schema":{"@context":"https:\/\/schema.org","@graph":[{"@type":"WebPage","@id":"https:\/\/agrispring.com\/de\/pick-up-zinken\/","url":"https:\/\/agrispring.com\/de\/pick-up-zinken\/","name":"Pick-up Zinken von Landwirtschaftsspezialist Agrispring.com","isPartOf":{"@id":"https:\/\/agrispring.com\/#website"},"primaryImageOfPage":{"@id":"https:\/\/agrispring.com\/de\/pick-up-zinken\/#primaryimage"},"image":{"@id":"https:\/\/agrispring.com\/de\/pick-up-zinken\/#primaryimage"},"thumbnailUrl":"https:\/\/agrispring.com\/wp-content\/uploads\/2020\/07\/610074-1-300x200.jpg","datePublished":"2020-07-23T11:55:23+00:00","description":"Suchen Sie hochwertige Pick-up Zinken? Landwirtschaftsspezialist Agrispring.com stellt Stahlfedern nur aus zertifizierten Grundmaterialien her.","breadcrumb":{"@id":"https:\/\/agrispring.com\/de\/pick-up-zinken\/#breadcrumb"},"inLanguage":"de","potentialAction":[{"@type":"ReadAction","target":["https:\/\/agrispring.com\/de\/pick-up-zinken\/"]}]},{"@type":"ImageObject","inLanguage":"de","@id":"https:\/\/agrispring.com\/de\/pick-up-zinken\/#primaryimage","url":"https:\/\/agrispring.com\/wp-content\/uploads\/2020\/07\/610074-1-300x200.jpg","contentUrl":"https:\/\/agrispring.com\/wp-content\/uploads\/2020\/07\/610074-1-300x200.jpg"},{"@type":"BreadcrumbList","@id":"https:\/\/agrispring.com\/de\/pick-up-zinken\/#breadcrumb","itemListElement":[{"@type":"ListItem","position":1,"name":"Home","item":"https:\/\/agrispring.com\/de\/"},{"@type":"ListItem","position":2,"name":"Pick-up Zinken"}]},{"@type":"WebSite","@id":"https:\/\/agrispring.com\/#website","url":"https:\/\/agrispring.com\/","name":"Agrispring","description":"En nog een WordPress site","publisher":{"@id":"https:\/\/agrispring.com\/#organization"},"potentialAction":[{"@type":"SearchAction","target":{"@type":"EntryPoint","urlTemplate":"https:\/\/agrispring.com\/?s={search_term_string}"},"query-input":{"@type":"PropertyValueSpecification","valueRequired":true,"valueName":"search_term_string"}}],"inLanguage":"de"},{"@type":"Organization","@id":"https:\/\/agrispring.com\/#organization","name":"Agrispring","url":"https:\/\/agrispring.com\/","logo":{"@type":"ImageObject","inLanguage":"de","@id":"https:\/\/agrispring.com\/#\/schema\/logo\/image\/","url":"https:\/\/agrispring.com\/wp-content\/uploads\/2019\/10\/logo-agrispring.com-299x56px.jpg","contentUrl":"https:\/\/agrispring.com\/wp-content\/uploads\/2019\/10\/logo-agrispring.com-299x56px.jpg","width":299,"height":56,"caption":"Agrispring"},"image":{"@id":"https:\/\/agrispring.com\/#\/schema\/logo\/image\/"}}]}},"_links":{"self":[{"href":"https:\/\/agrispring.com\/de\/wp-json\/wp\/v2\/pages\/25211","targetHints":{"allow":["GET"]}}],"collection":[{"href":"https:\/\/agrispring.com\/de\/wp-json\/wp\/v2\/pages"}],"about":[{"href":"https:\/\/agrispring.com\/de\/wp-json\/wp\/v2\/types\/page"}],"author":[{"embeddable":true,"href":"https:\/\/agrispring.com\/de\/wp-json\/wp\/v2\/users\/10"}],"replies":[{"embeddable":true,"href":"https:\/\/agrispring.com\/de\/wp-json\/wp\/v2\/comments?post=25211"}],"version-history":[{"count":1,"href":"https:\/\/agrispring.com\/de\/wp-json\/wp\/v2\/pages\/25211\/revisions"}],"predecessor-version":[{"id":25212,"href":"https:\/\/agrispring.com\/de\/wp-json\/wp\/v2\/pages\/25211\/revisions\/25212"}],"wp:attachment":[{"href":"https:\/\/agrispring.com\/de\/wp-json\/wp\/v2\/media?parent=25211"}],"curies":[{"name":"wp","href":"https:\/\/api.w.org\/{rel}","templated":true}]}}