{"id":18979,"date":"2020-06-08T15:29:35","date_gmt":"2020-06-08T15:29:35","guid":{"rendered":"https:\/\/agrispring.com\/?page_id=18979"},"modified":"2020-06-09T07:47:08","modified_gmt":"2020-06-09T07:47:08","slug":"striegelzinken","status":"publish","type":"page","link":"https:\/\/agrispring.com\/de\/striegelzinken\/","title":{"rendered":"Landwirtschaftliche Striegelzinken von Agrispring.com"},"content":{"rendered":"<h1>Striegelzinken von Agrispring<\/h1>\n<p><img loading=\"lazy\" decoding=\"async\" class=\"alignright wp-image-18969\" src=\"https:\/\/agrispring.com\/wp-content\/uploads\/2020\/06\/610010-300x200.jpg\" alt=\"striegelzinken\" width=\"269\" height=\"179\" srcset=\"https:\/\/agrispring.com\/wp-content\/uploads\/2020\/06\/610010-300x200.jpg 300w, https:\/\/agrispring.com\/wp-content\/uploads\/2020\/06\/610010-600x401.jpg 600w, https:\/\/agrispring.com\/wp-content\/uploads\/2020\/06\/610010-1024x684.jpg 1024w, https:\/\/agrispring.com\/wp-content\/uploads\/2020\/06\/610010-768x513.jpg 768w, https:\/\/agrispring.com\/wp-content\/uploads\/2020\/06\/610010-180x120.jpg 180w, https:\/\/agrispring.com\/wp-content\/uploads\/2020\/06\/610010.jpg 1200w\" sizes=\"auto, (max-width: 269px) 100vw, 269px\" \/><\/p>\n<p>Suchen Sie Striegelzinken f\u00fcr Ihre landwirtschaftlichen Maschinen und \/ oder Ihre industriellen Anwendungen? Dann ist Agrispring.com der Spezialist, den Sie suchen. Auf unserer <a href=\"https:\/\/agrispring.com\/de\/\">Website<\/a> finden Sie eine gro\u00dfe Auswahl an Striegelzinken in allen Formen und Gr\u00f6\u00dfen. Wir bei Agrispring verf\u00fcgen \u00fcber mehr als f\u00fcnfzig Jahre Erfahrung auf dem Gebiet der landwirtschaftlichen Quellen. Wir sind immer auf der Suche nach dem besten Weg, um unseren Produktionsprozess zu erweitern und zu innovieren. Dies stellt sicher, dass unsere landwirtschaftlichen Quellen von h\u00f6chster Qualit\u00e4t zu sehr wettbewerbsf\u00e4higen Preisen sind!<\/p>\n<h2>Striegelzinken aus unserem Katalog<\/h2>\n<p>Im Katalog von Agrisping.com finden Sie einen riesigen Katalog von z. B. Striegelzinken sowie vielen anderen landwirtschaftlichen Quellen. Zum Beispiel finden Sie Pick-Up- und Haspelzinken, Kreiselheuerzinken, Schwaderzinken und andere landwirtschaftliche Quellen. Sofern ein Produkt auf unserer Website nicht als authentisch aufgef\u00fchrt ist, erf\u00fcllen oder \u00fcbertreffen alle unsere Dokumente und Teile die <a href=\"https:\/\/en.wikipedia.org\/wiki\/Original_equipment_manufacturer\">OEM-Spezifikationen (Original Equipment Manufacturer)<\/a>. Bei Agrispring k\u00f6nnen Sie sicher sein, dass Sie Produkte von h\u00f6chster Qualit\u00e4t erhalten. Wir verwenden zertifizierte Rohstoffe nur f\u00fcr die Herstellung unserer landwirtschaftlichen Quellen und damit auch f\u00fcr unsere Striegelzinken. Auf den jeweiligen Produktseiten k\u00f6nnen Sie sehen, ob es f\u00fcr Ihre landwirtschaftliche Maschine geschikt ist.<br \/>\n<img loading=\"lazy\" decoding=\"async\" class=\"alignright wp-image-18966\" src=\"https:\/\/agrispring.com\/wp-content\/uploads\/2020\/06\/610012-300x200.jpg\" alt=\"striegelzinken\" width=\"308\" height=\"205\" srcset=\"https:\/\/agrispring.com\/wp-content\/uploads\/2020\/06\/610012-300x200.jpg 300w, https:\/\/agrispring.com\/wp-content\/uploads\/2020\/06\/610012-600x401.jpg 600w, https:\/\/agrispring.com\/wp-content\/uploads\/2020\/06\/610012-1024x684.jpg 1024w, https:\/\/agrispring.com\/wp-content\/uploads\/2020\/06\/610012-768x513.jpg 768w, https:\/\/agrispring.com\/wp-content\/uploads\/2020\/06\/610012-180x120.jpg 180w, https:\/\/agrispring.com\/wp-content\/uploads\/2020\/06\/610012.jpg 1200w\" sizes=\"auto, (max-width: 308px) 100vw, 308px\" \/><\/p>\n<h2>Sonstige Informationen und Kontakt<\/h2>\n<p>Alle Informationen zu unserer Firma Agrispring und unseren Produkten finden Sie auf unserer Webseite. In unserem Katalog finden Sie unseren Lagerbestand aller von uns gelieferten Produkte. Unsere landwirtschaftlichen Quellen sind fast immer ab Lager lieferbar. Wenn Sie eine dringende Lieferung ben\u00f6tigen, sind wir bereit, Sie zu liefern. Wir bearbeiten dringende Bestellungen, die noch am selben Tag versendet werden k\u00f6nnen. Wenn Sie Federn nach Ihren eigenen Spezifikationen ben\u00f6tigen oder weitere Fragen haben, wenden Sie sich bitte an uns. Unsere Kontaktdaten finden Sie auf dieser Seite oder am Ende der Website. Sie k\u00f6nnen uns anrufen oder ein E-Mail-Formular ausf\u00fcllen. Wir helfen Ihnen gerne weiter! Schauen Sie sich auch unsere <a href=\"https:\/\/www.facebook.com\/DTVSprings\/\">Facebook<\/a>-Seite an!<\/p>\n","protected":false},"excerpt":{"rendered":"<p>Striegelzinken von Agrispring Suchen Sie Striegelzinken f\u00fcr Ihre landwirtschaftlichen Maschinen und \/ oder Ihre industriellen Anwendungen? Dann ist Agrispring.com der Spezialist, den Sie suchen. [&hellip;]<\/p>\n","protected":false},"author":10,"featured_media":0,"parent":0,"menu_order":0,"comment_status":"closed","ping_status":"closed","template":"","meta":{"_acf_changed":false,"footnotes":""},"class_list":["post-18979","page","type-page","status-publish","hentry"],"acf":[],"yoast_head":"<!-- This site is optimized with the Yoast SEO plugin v26.9 - https:\/\/yoast.com\/product\/yoast-seo-wordpress\/ -->\n<title>Striegelzinken des Agrarfachmanns Agrispring.com<\/title>\n<meta name=\"description\" content=\"Suchen Sie landwirtschaftliche Striegelzinken? Agrispring.com bietet zuverl\u00e4ssige Anpassungen f\u00fcr Ihre landwirtschaftlichen Maschinen.\" \/>\n<meta name=\"robots\" content=\"index, follow, max-snippet:-1, max-image-preview:large, max-video-preview:-1\" \/>\n<link rel=\"canonical\" href=\"https:\/\/agrispring.com\/de\/striegelzinken\/\" \/>\n<meta property=\"og:locale\" content=\"de_DE\" \/>\n<meta property=\"og:type\" content=\"article\" \/>\n<meta property=\"og:title\" content=\"Striegelzinken des Agrarfachmanns Agrispring.com\" \/>\n<meta property=\"og:description\" content=\"Suchen Sie landwirtschaftliche Striegelzinken? Agrispring.com bietet zuverl\u00e4ssige Anpassungen f\u00fcr Ihre landwirtschaftlichen Maschinen.\" \/>\n<meta property=\"og:url\" content=\"https:\/\/agrispring.com\/de\/striegelzinken\/\" \/>\n<meta property=\"og:site_name\" content=\"Agrispring\" \/>\n<meta property=\"article:modified_time\" content=\"2020-06-09T07:47:08+00:00\" \/>\n<meta property=\"og:image\" content=\"https:\/\/agrispring.com\/wp-content\/uploads\/2020\/06\/610010-300x200.jpg\" \/>\n<meta name=\"twitter:card\" content=\"summary_large_image\" \/>\n<meta name=\"twitter:label1\" content=\"Gesch\u00e4tzte Lesezeit\" \/>\n\t<meta name=\"twitter:data1\" content=\"2\u00a0Minuten\" \/>\n<script type=\"application\/ld+json\" class=\"yoast-schema-graph\">{\"@context\":\"https:\/\/schema.org\",\"@graph\":[{\"@type\":\"WebPage\",\"@id\":\"https:\/\/agrispring.com\/de\/striegelzinken\/\",\"url\":\"https:\/\/agrispring.com\/de\/striegelzinken\/\",\"name\":\"Striegelzinken des Agrarfachmanns Agrispring.com\",\"isPartOf\":{\"@id\":\"https:\/\/agrispring.com\/#website\"},\"primaryImageOfPage\":{\"@id\":\"https:\/\/agrispring.com\/de\/striegelzinken\/#primaryimage\"},\"image\":{\"@id\":\"https:\/\/agrispring.com\/de\/striegelzinken\/#primaryimage\"},\"thumbnailUrl\":\"https:\/\/agrispring.com\/wp-content\/uploads\/2020\/06\/610010-300x200.jpg\",\"datePublished\":\"2020-06-08T15:29:35+00:00\",\"dateModified\":\"2020-06-09T07:47:08+00:00\",\"description\":\"Suchen Sie landwirtschaftliche Striegelzinken? Agrispring.com bietet zuverl\u00e4ssige Anpassungen f\u00fcr Ihre landwirtschaftlichen Maschinen.\",\"breadcrumb\":{\"@id\":\"https:\/\/agrispring.com\/de\/striegelzinken\/#breadcrumb\"},\"inLanguage\":\"de\",\"potentialAction\":[{\"@type\":\"ReadAction\",\"target\":[\"https:\/\/agrispring.com\/de\/striegelzinken\/\"]}]},{\"@type\":\"ImageObject\",\"inLanguage\":\"de\",\"@id\":\"https:\/\/agrispring.com\/de\/striegelzinken\/#primaryimage\",\"url\":\"https:\/\/agrispring.com\/wp-content\/uploads\/2020\/06\/610010-300x200.jpg\",\"contentUrl\":\"https:\/\/agrispring.com\/wp-content\/uploads\/2020\/06\/610010-300x200.jpg\"},{\"@type\":\"BreadcrumbList\",\"@id\":\"https:\/\/agrispring.com\/de\/striegelzinken\/#breadcrumb\",\"itemListElement\":[{\"@type\":\"ListItem\",\"position\":1,\"name\":\"Home\",\"item\":\"https:\/\/agrispring.com\/de\/\"},{\"@type\":\"ListItem\",\"position\":2,\"name\":\"Landwirtschaftliche Striegelzinken von Agrispring.com\"}]},{\"@type\":\"WebSite\",\"@id\":\"https:\/\/agrispring.com\/#website\",\"url\":\"https:\/\/agrispring.com\/\",\"name\":\"Agrispring\",\"description\":\"En nog een WordPress site\",\"publisher\":{\"@id\":\"https:\/\/agrispring.com\/#organization\"},\"potentialAction\":[{\"@type\":\"SearchAction\",\"target\":{\"@type\":\"EntryPoint\",\"urlTemplate\":\"https:\/\/agrispring.com\/?s={search_term_string}\"},\"query-input\":{\"@type\":\"PropertyValueSpecification\",\"valueRequired\":true,\"valueName\":\"search_term_string\"}}],\"inLanguage\":\"de\"},{\"@type\":\"Organization\",\"@id\":\"https:\/\/agrispring.com\/#organization\",\"name\":\"Agrispring\",\"url\":\"https:\/\/agrispring.com\/\",\"logo\":{\"@type\":\"ImageObject\",\"inLanguage\":\"de\",\"@id\":\"https:\/\/agrispring.com\/#\/schema\/logo\/image\/\",\"url\":\"https:\/\/agrispring.com\/wp-content\/uploads\/2019\/10\/logo-agrispring.com-299x56px.jpg\",\"contentUrl\":\"https:\/\/agrispring.com\/wp-content\/uploads\/2019\/10\/logo-agrispring.com-299x56px.jpg\",\"width\":299,\"height\":56,\"caption\":\"Agrispring\"},\"image\":{\"@id\":\"https:\/\/agrispring.com\/#\/schema\/logo\/image\/\"}}]}<\/script>\n<!-- \/ Yoast SEO plugin. -->","yoast_head_json":{"title":"Striegelzinken des Agrarfachmanns Agrispring.com","description":"Suchen Sie landwirtschaftliche Striegelzinken? Agrispring.com bietet zuverl\u00e4ssige Anpassungen f\u00fcr Ihre landwirtschaftlichen Maschinen.","robots":{"index":"index","follow":"follow","max-snippet":"max-snippet:-1","max-image-preview":"max-image-preview:large","max-video-preview":"max-video-preview:-1"},"canonical":"https:\/\/agrispring.com\/de\/striegelzinken\/","og_locale":"de_DE","og_type":"article","og_title":"Striegelzinken des Agrarfachmanns Agrispring.com","og_description":"Suchen Sie landwirtschaftliche Striegelzinken? Agrispring.com bietet zuverl\u00e4ssige Anpassungen f\u00fcr Ihre landwirtschaftlichen Maschinen.","og_url":"https:\/\/agrispring.com\/de\/striegelzinken\/","og_site_name":"Agrispring","article_modified_time":"2020-06-09T07:47:08+00:00","og_image":[{"url":"https:\/\/agrispring.com\/wp-content\/uploads\/2020\/06\/610010-300x200.jpg","type":"","width":"","height":""}],"twitter_card":"summary_large_image","twitter_misc":{"Gesch\u00e4tzte Lesezeit":"2\u00a0Minuten"},"schema":{"@context":"https:\/\/schema.org","@graph":[{"@type":"WebPage","@id":"https:\/\/agrispring.com\/de\/striegelzinken\/","url":"https:\/\/agrispring.com\/de\/striegelzinken\/","name":"Striegelzinken des Agrarfachmanns Agrispring.com","isPartOf":{"@id":"https:\/\/agrispring.com\/#website"},"primaryImageOfPage":{"@id":"https:\/\/agrispring.com\/de\/striegelzinken\/#primaryimage"},"image":{"@id":"https:\/\/agrispring.com\/de\/striegelzinken\/#primaryimage"},"thumbnailUrl":"https:\/\/agrispring.com\/wp-content\/uploads\/2020\/06\/610010-300x200.jpg","datePublished":"2020-06-08T15:29:35+00:00","dateModified":"2020-06-09T07:47:08+00:00","description":"Suchen Sie landwirtschaftliche Striegelzinken? Agrispring.com bietet zuverl\u00e4ssige Anpassungen f\u00fcr Ihre landwirtschaftlichen Maschinen.","breadcrumb":{"@id":"https:\/\/agrispring.com\/de\/striegelzinken\/#breadcrumb"},"inLanguage":"de","potentialAction":[{"@type":"ReadAction","target":["https:\/\/agrispring.com\/de\/striegelzinken\/"]}]},{"@type":"ImageObject","inLanguage":"de","@id":"https:\/\/agrispring.com\/de\/striegelzinken\/#primaryimage","url":"https:\/\/agrispring.com\/wp-content\/uploads\/2020\/06\/610010-300x200.jpg","contentUrl":"https:\/\/agrispring.com\/wp-content\/uploads\/2020\/06\/610010-300x200.jpg"},{"@type":"BreadcrumbList","@id":"https:\/\/agrispring.com\/de\/striegelzinken\/#breadcrumb","itemListElement":[{"@type":"ListItem","position":1,"name":"Home","item":"https:\/\/agrispring.com\/de\/"},{"@type":"ListItem","position":2,"name":"Landwirtschaftliche Striegelzinken von Agrispring.com"}]},{"@type":"WebSite","@id":"https:\/\/agrispring.com\/#website","url":"https:\/\/agrispring.com\/","name":"Agrispring","description":"En nog een WordPress site","publisher":{"@id":"https:\/\/agrispring.com\/#organization"},"potentialAction":[{"@type":"SearchAction","target":{"@type":"EntryPoint","urlTemplate":"https:\/\/agrispring.com\/?s={search_term_string}"},"query-input":{"@type":"PropertyValueSpecification","valueRequired":true,"valueName":"search_term_string"}}],"inLanguage":"de"},{"@type":"Organization","@id":"https:\/\/agrispring.com\/#organization","name":"Agrispring","url":"https:\/\/agrispring.com\/","logo":{"@type":"ImageObject","inLanguage":"de","@id":"https:\/\/agrispring.com\/#\/schema\/logo\/image\/","url":"https:\/\/agrispring.com\/wp-content\/uploads\/2019\/10\/logo-agrispring.com-299x56px.jpg","contentUrl":"https:\/\/agrispring.com\/wp-content\/uploads\/2019\/10\/logo-agrispring.com-299x56px.jpg","width":299,"height":56,"caption":"Agrispring"},"image":{"@id":"https:\/\/agrispring.com\/#\/schema\/logo\/image\/"}}]}},"_links":{"self":[{"href":"https:\/\/agrispring.com\/de\/wp-json\/wp\/v2\/pages\/18979","targetHints":{"allow":["GET"]}}],"collection":[{"href":"https:\/\/agrispring.com\/de\/wp-json\/wp\/v2\/pages"}],"about":[{"href":"https:\/\/agrispring.com\/de\/wp-json\/wp\/v2\/types\/page"}],"author":[{"embeddable":true,"href":"https:\/\/agrispring.com\/de\/wp-json\/wp\/v2\/users\/10"}],"replies":[{"embeddable":true,"href":"https:\/\/agrispring.com\/de\/wp-json\/wp\/v2\/comments?post=18979"}],"version-history":[{"count":1,"href":"https:\/\/agrispring.com\/de\/wp-json\/wp\/v2\/pages\/18979\/revisions"}],"predecessor-version":[{"id":18980,"href":"https:\/\/agrispring.com\/de\/wp-json\/wp\/v2\/pages\/18979\/revisions\/18980"}],"wp:attachment":[{"href":"https:\/\/agrispring.com\/de\/wp-json\/wp\/v2\/media?parent=18979"}],"curies":[{"name":"wp","href":"https:\/\/api.w.org\/{rel}","templated":true}]}}