{"id":18894,"date":"2020-04-22T09:37:20","date_gmt":"2020-04-22T09:37:20","guid":{"rendered":"https:\/\/agrispring.com\/?page_id=18894"},"modified":"2020-04-22T10:24:06","modified_gmt":"2020-04-22T10:24:06","slug":"landwirtschaftlichen-federn-kaufen-von-agrispring","status":"publish","type":"page","link":"https:\/\/agrispring.com\/de\/landwirtschaftlichen-federn-kaufen-von-agrispring\/","title":{"rendered":"Landwirtschaftlichen Federn Kaufen von AgriSpring"},"content":{"rendered":"<p class=\"p1\"><span class=\"s1\">In der Landwirtschaftlichen Federn AgriSpring glauben wir seit mehr als 50 Jahren in enger Zusammenarbeit mit unseren Kunden. AgriSpring ist Ihr Spezialist f\u00fcr die Entwicklung und Herstellung van von landwirtschaftlichen Federn. Mit mehr als f\u00fcnfzig Jahren Erfahrung sorgen wir f\u00fcr eine solide Anpassung in der Produktion von landwirtschaftlichen Federn. Das macht uns zur Technische Federfabrik in den Niederlanden. Wenn Sie nach landwirtschaftlichen Federn suchen, egal welche Marke, Gr\u00f6\u00dfe, dann sind Sie bei der Fr\u00fchjahrsfabrik von AgriSpring an der richtigen Stelle. F\u00fcr alle Ihre Fragen zu landwirtschaftlichen Federn, kontaktieren Sie uns bitte. Neben unseren standardlandwirtschaftlichen Federn k\u00f6nnen Sie auch ma\u00dfgeschneiderte landwirtschaftliche Federn bestellen. <\/span><\/p>\n<p class=\"p1\"><span class=\"s1\">Als eines der gr\u00f6\u00dften landwirtschaftlichen Unternehmen in den Niederlanden sind wir st\u00e4ndig innovativ und erweitern unsere Produktion. Wir gehen \u00fcber die blo\u00dfe Lieferung von landwirtschaftlichen Federn hinaus. Neben der Produktion von Landfedern und regelm\u00e4\u00dfig wiederkehrenden Auftr\u00e4gen arbeiten wir in unserem modernen Werk vor allem an ma\u00dfgeschneiderten L\u00f6sungen f\u00fcr unsere Kunden. Gerne nehmen wir mit Ihnen jede Herausforderung im Fr\u00fchjahrstechnik an. Unser Team trifft unsere eigenen Entscheidungen und stellt die Realisierung einer funktionierenden L\u00f6sung im Voraus und in Zusammenarbeit mit Ihnen. <\/span><\/p>\n<h2 class=\"p1\"><span class=\"s1\"><b>Stahlfedern von AgriSpring <\/b><\/span><\/h2>\n<p class=\"p1\"><span class=\"s1\">Bei AgriSpring k\u00f6nnen Sie Stahlfedern kaufen und wir haben es Ihnen leicht gemacht, genau das zu finden, was Sie im Online-Shop suchen. Wir haben einen der gr\u00f6\u00dften Best\u00e4nde an Stahlfedern. So k\u00f6nnen Sie verschiedene Stahlfedern kaufen. Wir beliefern Privatpersonen und Unternehmen. Wenn wir nicht die richtige Feder in unserem Sortiment finden, k\u00f6nnen Sie uns jederzeit kontaktieren. <\/span><\/p>\n<p><img loading=\"lazy\" decoding=\"async\" class=\"alignright wp-image-14673 size-medium\" src=\"https:\/\/agrispring.com\/wp-content\/uploads\/2019\/12\/nieuwe-slide-2-300x147.jpg\" alt=\"Landwirtschaftlichen Federn\" width=\"300\" height=\"147\" srcset=\"https:\/\/agrispring.com\/wp-content\/uploads\/2019\/12\/nieuwe-slide-2-300x147.jpg 300w, https:\/\/agrispring.com\/wp-content\/uploads\/2019\/12\/nieuwe-slide-2-600x295.jpg 600w, https:\/\/agrispring.com\/wp-content\/uploads\/2019\/12\/nieuwe-slide-2-1024x503.jpg 1024w, https:\/\/agrispring.com\/wp-content\/uploads\/2019\/12\/nieuwe-slide-2-768x377.jpg 768w, https:\/\/agrispring.com\/wp-content\/uploads\/2019\/12\/nieuwe-slide-2-1536x754.jpg 1536w, https:\/\/agrispring.com\/wp-content\/uploads\/2019\/12\/nieuwe-slide-2-180x88.jpg 180w, https:\/\/agrispring.com\/wp-content\/uploads\/2019\/12\/nieuwe-slide-2.jpg 1920w\" sizes=\"auto, (max-width: 300px) 100vw, 300px\" \/><\/p>\n<p class=\"p1\"><span class=\"s1\">AgriSpring ist eine Stahlfederfabrik und spezialisiert auf die Schnelle Lieferung von kundenspezifischen Stahlfedern. Sie k\u00f6nnen zu uns kommen, sowohl f\u00fcr gr\u00f6\u00dfere Serien als auch f\u00fcr die Herstellung von einige<\/span><span class=\"s1\">n Federn und wir haben ein umfangreiches Programm von Druckfedern, Zugfedern, Blattfedern, Torsions und Drahtfedern. Wir haben auch viele andere Arten Federn in unserem <a href=\"https:\/\/agrispring.com\/de\/katalog\/?filters=product_cat[379]\" target=\"_blank\" rel=\"noopener noreferrer\">Sortiment.<\/a> Schauen Sie sich unseren Webshop an!<\/span><\/p>\n","protected":false},"excerpt":{"rendered":"<p>In der Landwirtschaftlichen Federn AgriSpring glauben wir seit mehr als 50 Jahren in enger Zusammenarbeit mit unseren Kunden. AgriSpring ist Ihr Spezialist f\u00fcr die [&hellip;]<\/p>\n","protected":false},"author":10,"featured_media":0,"parent":0,"menu_order":0,"comment_status":"closed","ping_status":"closed","template":"","meta":{"_acf_changed":false,"footnotes":""},"class_list":["post-18894","page","type-page","status-publish","hentry"],"acf":[],"yoast_head":"<!-- This site is optimized with the Yoast SEO plugin v26.9 - https:\/\/yoast.com\/product\/yoast-seo-wordpress\/ -->\n<title>Landwirtschaftlichen Federn Kaufen von AgriSpring - Agrispring<\/title>\n<meta name=\"description\" content=\"AgriSpring ist Ihr Spezialist f\u00fcr die Entwicklung und Herstellung van von Landwirtschaftlichen Federn. Wir haben viele andere landwirtschaftlichen Federn.\" \/>\n<meta name=\"robots\" content=\"index, follow, max-snippet:-1, max-image-preview:large, max-video-preview:-1\" \/>\n<link rel=\"canonical\" href=\"https:\/\/agrispring.com\/de\/landwirtschaftlichen-federn-kaufen-von-agrispring\/\" \/>\n<meta property=\"og:locale\" content=\"de_DE\" \/>\n<meta property=\"og:type\" content=\"article\" \/>\n<meta property=\"og:title\" content=\"Landwirtschaftlichen Federn Kaufen von AgriSpring - Agrispring\" \/>\n<meta property=\"og:description\" content=\"AgriSpring ist Ihr Spezialist f\u00fcr die Entwicklung und Herstellung van von Landwirtschaftlichen Federn. Wir haben viele andere landwirtschaftlichen Federn.\" \/>\n<meta property=\"og:url\" content=\"https:\/\/agrispring.com\/de\/landwirtschaftlichen-federn-kaufen-von-agrispring\/\" \/>\n<meta property=\"og:site_name\" content=\"Agrispring\" \/>\n<meta property=\"article:modified_time\" content=\"2020-04-22T10:24:06+00:00\" \/>\n<meta property=\"og:image\" content=\"https:\/\/agrispring.com\/wp-content\/uploads\/2019\/12\/nieuwe-slide-2-300x147.jpg\" \/>\n<meta name=\"twitter:card\" content=\"summary_large_image\" \/>\n<meta name=\"twitter:label1\" content=\"Gesch\u00e4tzte Lesezeit\" \/>\n\t<meta name=\"twitter:data1\" content=\"2\u00a0Minuten\" \/>\n<script type=\"application\/ld+json\" class=\"yoast-schema-graph\">{\"@context\":\"https:\/\/schema.org\",\"@graph\":[{\"@type\":\"WebPage\",\"@id\":\"https:\/\/agrispring.com\/de\/landwirtschaftlichen-federn-kaufen-von-agrispring\/\",\"url\":\"https:\/\/agrispring.com\/de\/landwirtschaftlichen-federn-kaufen-von-agrispring\/\",\"name\":\"Landwirtschaftlichen Federn Kaufen von AgriSpring - Agrispring\",\"isPartOf\":{\"@id\":\"https:\/\/agrispring.com\/#website\"},\"primaryImageOfPage\":{\"@id\":\"https:\/\/agrispring.com\/de\/landwirtschaftlichen-federn-kaufen-von-agrispring\/#primaryimage\"},\"image\":{\"@id\":\"https:\/\/agrispring.com\/de\/landwirtschaftlichen-federn-kaufen-von-agrispring\/#primaryimage\"},\"thumbnailUrl\":\"https:\/\/agrispring.com\/wp-content\/uploads\/2019\/12\/nieuwe-slide-2-300x147.jpg\",\"datePublished\":\"2020-04-22T09:37:20+00:00\",\"dateModified\":\"2020-04-22T10:24:06+00:00\",\"description\":\"AgriSpring ist Ihr Spezialist f\u00fcr die Entwicklung und Herstellung van von Landwirtschaftlichen Federn. Wir haben viele andere landwirtschaftlichen Federn.\",\"breadcrumb\":{\"@id\":\"https:\/\/agrispring.com\/de\/landwirtschaftlichen-federn-kaufen-von-agrispring\/#breadcrumb\"},\"inLanguage\":\"de\",\"potentialAction\":[{\"@type\":\"ReadAction\",\"target\":[\"https:\/\/agrispring.com\/de\/landwirtschaftlichen-federn-kaufen-von-agrispring\/\"]}]},{\"@type\":\"ImageObject\",\"inLanguage\":\"de\",\"@id\":\"https:\/\/agrispring.com\/de\/landwirtschaftlichen-federn-kaufen-von-agrispring\/#primaryimage\",\"url\":\"https:\/\/agrispring.com\/wp-content\/uploads\/2019\/12\/nieuwe-slide-2-300x147.jpg\",\"contentUrl\":\"https:\/\/agrispring.com\/wp-content\/uploads\/2019\/12\/nieuwe-slide-2-300x147.jpg\"},{\"@type\":\"BreadcrumbList\",\"@id\":\"https:\/\/agrispring.com\/de\/landwirtschaftlichen-federn-kaufen-von-agrispring\/#breadcrumb\",\"itemListElement\":[{\"@type\":\"ListItem\",\"position\":1,\"name\":\"Home\",\"item\":\"https:\/\/agrispring.com\/de\/\"},{\"@type\":\"ListItem\",\"position\":2,\"name\":\"Landwirtschaftlichen Federn Kaufen von AgriSpring\"}]},{\"@type\":\"WebSite\",\"@id\":\"https:\/\/agrispring.com\/#website\",\"url\":\"https:\/\/agrispring.com\/\",\"name\":\"Agrispring\",\"description\":\"En nog een WordPress site\",\"publisher\":{\"@id\":\"https:\/\/agrispring.com\/#organization\"},\"potentialAction\":[{\"@type\":\"SearchAction\",\"target\":{\"@type\":\"EntryPoint\",\"urlTemplate\":\"https:\/\/agrispring.com\/?s={search_term_string}\"},\"query-input\":{\"@type\":\"PropertyValueSpecification\",\"valueRequired\":true,\"valueName\":\"search_term_string\"}}],\"inLanguage\":\"de\"},{\"@type\":\"Organization\",\"@id\":\"https:\/\/agrispring.com\/#organization\",\"name\":\"Agrispring\",\"url\":\"https:\/\/agrispring.com\/\",\"logo\":{\"@type\":\"ImageObject\",\"inLanguage\":\"de\",\"@id\":\"https:\/\/agrispring.com\/#\/schema\/logo\/image\/\",\"url\":\"https:\/\/agrispring.com\/wp-content\/uploads\/2019\/10\/logo-agrispring.com-299x56px.jpg\",\"contentUrl\":\"https:\/\/agrispring.com\/wp-content\/uploads\/2019\/10\/logo-agrispring.com-299x56px.jpg\",\"width\":299,\"height\":56,\"caption\":\"Agrispring\"},\"image\":{\"@id\":\"https:\/\/agrispring.com\/#\/schema\/logo\/image\/\"}}]}<\/script>\n<!-- \/ Yoast SEO plugin. -->","yoast_head_json":{"title":"Landwirtschaftlichen Federn Kaufen von AgriSpring - Agrispring","description":"AgriSpring ist Ihr Spezialist f\u00fcr die Entwicklung und Herstellung van von Landwirtschaftlichen Federn. Wir haben viele andere landwirtschaftlichen Federn.","robots":{"index":"index","follow":"follow","max-snippet":"max-snippet:-1","max-image-preview":"max-image-preview:large","max-video-preview":"max-video-preview:-1"},"canonical":"https:\/\/agrispring.com\/de\/landwirtschaftlichen-federn-kaufen-von-agrispring\/","og_locale":"de_DE","og_type":"article","og_title":"Landwirtschaftlichen Federn Kaufen von AgriSpring - Agrispring","og_description":"AgriSpring ist Ihr Spezialist f\u00fcr die Entwicklung und Herstellung van von Landwirtschaftlichen Federn. Wir haben viele andere landwirtschaftlichen Federn.","og_url":"https:\/\/agrispring.com\/de\/landwirtschaftlichen-federn-kaufen-von-agrispring\/","og_site_name":"Agrispring","article_modified_time":"2020-04-22T10:24:06+00:00","og_image":[{"url":"https:\/\/agrispring.com\/wp-content\/uploads\/2019\/12\/nieuwe-slide-2-300x147.jpg","type":"","width":"","height":""}],"twitter_card":"summary_large_image","twitter_misc":{"Gesch\u00e4tzte Lesezeit":"2\u00a0Minuten"},"schema":{"@context":"https:\/\/schema.org","@graph":[{"@type":"WebPage","@id":"https:\/\/agrispring.com\/de\/landwirtschaftlichen-federn-kaufen-von-agrispring\/","url":"https:\/\/agrispring.com\/de\/landwirtschaftlichen-federn-kaufen-von-agrispring\/","name":"Landwirtschaftlichen Federn Kaufen von AgriSpring - Agrispring","isPartOf":{"@id":"https:\/\/agrispring.com\/#website"},"primaryImageOfPage":{"@id":"https:\/\/agrispring.com\/de\/landwirtschaftlichen-federn-kaufen-von-agrispring\/#primaryimage"},"image":{"@id":"https:\/\/agrispring.com\/de\/landwirtschaftlichen-federn-kaufen-von-agrispring\/#primaryimage"},"thumbnailUrl":"https:\/\/agrispring.com\/wp-content\/uploads\/2019\/12\/nieuwe-slide-2-300x147.jpg","datePublished":"2020-04-22T09:37:20+00:00","dateModified":"2020-04-22T10:24:06+00:00","description":"AgriSpring ist Ihr Spezialist f\u00fcr die Entwicklung und Herstellung van von Landwirtschaftlichen Federn. Wir haben viele andere landwirtschaftlichen Federn.","breadcrumb":{"@id":"https:\/\/agrispring.com\/de\/landwirtschaftlichen-federn-kaufen-von-agrispring\/#breadcrumb"},"inLanguage":"de","potentialAction":[{"@type":"ReadAction","target":["https:\/\/agrispring.com\/de\/landwirtschaftlichen-federn-kaufen-von-agrispring\/"]}]},{"@type":"ImageObject","inLanguage":"de","@id":"https:\/\/agrispring.com\/de\/landwirtschaftlichen-federn-kaufen-von-agrispring\/#primaryimage","url":"https:\/\/agrispring.com\/wp-content\/uploads\/2019\/12\/nieuwe-slide-2-300x147.jpg","contentUrl":"https:\/\/agrispring.com\/wp-content\/uploads\/2019\/12\/nieuwe-slide-2-300x147.jpg"},{"@type":"BreadcrumbList","@id":"https:\/\/agrispring.com\/de\/landwirtschaftlichen-federn-kaufen-von-agrispring\/#breadcrumb","itemListElement":[{"@type":"ListItem","position":1,"name":"Home","item":"https:\/\/agrispring.com\/de\/"},{"@type":"ListItem","position":2,"name":"Landwirtschaftlichen Federn Kaufen von AgriSpring"}]},{"@type":"WebSite","@id":"https:\/\/agrispring.com\/#website","url":"https:\/\/agrispring.com\/","name":"Agrispring","description":"En nog een WordPress site","publisher":{"@id":"https:\/\/agrispring.com\/#organization"},"potentialAction":[{"@type":"SearchAction","target":{"@type":"EntryPoint","urlTemplate":"https:\/\/agrispring.com\/?s={search_term_string}"},"query-input":{"@type":"PropertyValueSpecification","valueRequired":true,"valueName":"search_term_string"}}],"inLanguage":"de"},{"@type":"Organization","@id":"https:\/\/agrispring.com\/#organization","name":"Agrispring","url":"https:\/\/agrispring.com\/","logo":{"@type":"ImageObject","inLanguage":"de","@id":"https:\/\/agrispring.com\/#\/schema\/logo\/image\/","url":"https:\/\/agrispring.com\/wp-content\/uploads\/2019\/10\/logo-agrispring.com-299x56px.jpg","contentUrl":"https:\/\/agrispring.com\/wp-content\/uploads\/2019\/10\/logo-agrispring.com-299x56px.jpg","width":299,"height":56,"caption":"Agrispring"},"image":{"@id":"https:\/\/agrispring.com\/#\/schema\/logo\/image\/"}}]}},"_links":{"self":[{"href":"https:\/\/agrispring.com\/de\/wp-json\/wp\/v2\/pages\/18894","targetHints":{"allow":["GET"]}}],"collection":[{"href":"https:\/\/agrispring.com\/de\/wp-json\/wp\/v2\/pages"}],"about":[{"href":"https:\/\/agrispring.com\/de\/wp-json\/wp\/v2\/types\/page"}],"author":[{"embeddable":true,"href":"https:\/\/agrispring.com\/de\/wp-json\/wp\/v2\/users\/10"}],"replies":[{"embeddable":true,"href":"https:\/\/agrispring.com\/de\/wp-json\/wp\/v2\/comments?post=18894"}],"version-history":[{"count":3,"href":"https:\/\/agrispring.com\/de\/wp-json\/wp\/v2\/pages\/18894\/revisions"}],"predecessor-version":[{"id":18901,"href":"https:\/\/agrispring.com\/de\/wp-json\/wp\/v2\/pages\/18894\/revisions\/18901"}],"wp:attachment":[{"href":"https:\/\/agrispring.com\/de\/wp-json\/wp\/v2\/media?parent=18894"}],"curies":[{"name":"wp","href":"https:\/\/api.w.org\/{rel}","templated":true}]}}